{"id":975,"date":"2024-02-27T22:50:16","date_gmt":"2024-02-27T21:50:16","guid":{"rendered":"https:\/\/medicalsupply3d.com\/?post_type=product&#038;p=975"},"modified":"2024-03-09T18:56:18","modified_gmt":"2024-03-09T17:56:18","slug":"tijeras-de-diseccion-metzenbaum","status":"publish","type":"product","link":"https:\/\/medicalsupply3d.com\/en\/product\/tijeras-de-diseccion-metzenbaum\/","title":{"rendered":"Tijeras de disecci\u00f3n Metzenbaum"},"content":{"rendered":"<p>Las tijeras de disecci\u00f3n Metzenbaum ofrecen una amplia gama de beneficios quir\u00fargicos. Su uso principal es proporcionar una forma confiable de diseccionar, cortar y extraer tejidos de diferentes cavidades y espacios corporales.<\/p>\n\n\n\n<p>Para ello, el instrumento cuenta con un par de hojas redondas con puntas redondas y romas para minimizar las lesiones locales. Adem\u00e1s, la uni\u00f3n remachada incluye una tecnolog\u00eda \u00fanica que genera una tensi\u00f3n de resorte que garantiza el autoafilado. Adem\u00e1s, hay un patr\u00f3n opcional con inserciones de carburo de tungsteno que mejora la acci\u00f3n de corte.<\/p>\n\n\n\n<p>La versi\u00f3n supercortada tiene hojas dentadas que agarran de forma segura los tejidos resbaladizos. Adem\u00e1s, tambi\u00e9n previenen el desgarro del tejido circundante evitando da\u00f1os. Adem\u00e1s, incluye mangos de anilla ergon\u00f3micos que mejoran el control de la disecci\u00f3n. Tambi\u00e9n tiene un cuerpo liviano y aerodin\u00e1mico que minimiza la fatiga del usuario.<\/p>\n\n\n\n<p>En tercer lugar, todas nuestras tijeras tambi\u00e9n est\u00e1n disponibles en la variante de carburo de tungsteno para satisfacer las demandas de mayor resistencia.<\/p>\n\n\n\n<p>Adem\u00e1s, las tijeras de disecci\u00f3n Metzenbaum est\u00e1n disponibles en una variedad de tama\u00f1os, que van desde 14,5 hasta 23 cm. Como resultado, la tijera se adapta a diferentes zonas anat\u00f3micas y cavidades. Adem\u00e1s, el perfil de hoja recta ayuda a cortar tejidos superficiales y suturas, mientras que el patr\u00f3n de hoja curva permite cortar estructuras m\u00e1s profundas.<\/p>\n\n\n\n<p>Esta tijera incluye una junta de tornillo remachada con mand\u00edbulas sin trinquete. Esto permite una manipulaci\u00f3n r\u00e1pida y sencilla. Todas las tijeras de Xelpov Surgical est\u00e1n fabricadas con acero inoxidable de primera calidad con acabado satinado para reducir el brillo.<\/p>\n\n\n\n<p>El instrumento se puede esterilizar y reutilizar.<\/p>\n\n\n\n<p>Especificaciones t\u00e9cnicas:<\/p>\n\n\n\n<p>Material: Acero inoxidable<br>Procedimiento de prevenci\u00f3n de oxidaci\u00f3n: pasivado<br>Limpieza ultras\u00f3nica: S\u00ed<br>Pulido opaco: S\u00ed<br>Reutilizable: S\u00ed<br>Grado: Premium O<br>L\u00e1tex: Sin l\u00e1tex<br>Esterilidad: No est\u00e9ril<br>Pruebas realizadas: prueba de ebullici\u00f3n, prueba de rendimiento, prueba de forma<br>Embalaje: Empaquetado individualmente<br>Control de calidad aprobado: S\u00ed<\/p>","protected":false},"excerpt":{"rendered":"<p>Las tijeras de disecci\u00f3n Metzenbaum son herramientas operatorias vers\u00e1tiles, ideales para disectar tejidos delicados en espacios reducidos. Adem\u00e1s, son utilizadas en cirug\u00eda general para una disecci\u00f3n precisa. <\/p>\n<p>-Con m\u00faltiples configuraciones de puntas para disecci\u00f3n aguda o roma<\/p>\n<p>-Estas tijeras presentan mand\u00edbulas estrechas que permiten un corte preciso de tejidos delicados. <\/p>\n<p>-Sus mangos con dise\u00f1o ergon\u00f3mico proporcionan comodidad y facilitan la tarea de disecci\u00f3n sin esfuerzo.<\/p>","protected":false},"featured_media":1018,"comment_status":"open","ping_status":"closed","template":"","meta":{"site-sidebar-layout":"default","site-content-layout":"","ast-site-content-layout":"","site-content-style":"default","site-sidebar-style":"default","ast-global-header-display":"","ast-banner-title-visibility":"","ast-main-header-display":"","ast-hfb-above-header-display":"","ast-hfb-below-header-display":"","ast-hfb-mobile-header-display":"","site-post-title":"","ast-breadcrumbs-content":"","ast-featured-img":"","footer-sml-layout":"","theme-transparent-header-meta":"","adv-header-id-meta":"","stick-header-meta":"","header-above-stick-meta":"","header-main-stick-meta":"","header-below-stick-meta":"","astra-migrate-meta-layouts":""},"product_cat":[131,64],"product_tag":[],"_links":{"self":[{"href":"https:\/\/medicalsupply3d.com\/en\/wp-json\/wp\/v2\/product\/975"}],"collection":[{"href":"https:\/\/medicalsupply3d.com\/en\/wp-json\/wp\/v2\/product"}],"about":[{"href":"https:\/\/medicalsupply3d.com\/en\/wp-json\/wp\/v2\/types\/product"}],"replies":[{"embeddable":true,"href":"https:\/\/medicalsupply3d.com\/en\/wp-json\/wp\/v2\/comments?post=975"}],"wp:featuredmedia":[{"embeddable":true,"href":"https:\/\/medicalsupply3d.com\/en\/wp-json\/wp\/v2\/media\/1018"}],"wp:attachment":[{"href":"https:\/\/medicalsupply3d.com\/en\/wp-json\/wp\/v2\/media?parent=975"}],"wp:term":[{"taxonomy":"product_cat","embeddable":true,"href":"https:\/\/medicalsupply3d.com\/en\/wp-json\/wp\/v2\/product_cat?post=975"},{"taxonomy":"product_tag","embeddable":true,"href":"https:\/\/medicalsupply3d.com\/en\/wp-json\/wp\/v2\/product_tag?post=975"}],"curies":[{"name":"wp","href":"https:\/\/api.w.org\/{rel}","templated":true}]}}