{"id":786,"date":"2023-11-27T02:13:38","date_gmt":"2023-11-27T01:13:38","guid":{"rendered":"https:\/\/medicalsupply3d.com\/?post_type=product&#038;p=786"},"modified":"2025-11-04T15:26:33","modified_gmt":"2025-11-04T14:26:33","slug":"n-1108","status":"publish","type":"product","link":"https:\/\/medicalsupply3d.com\/en\/product\/n-1108\/","title":{"rendered":"N 1108"},"content":{"rendered":"<p>es el equipo m\u00e1s avanzado para tratamientos con Electroestimulaci\u00f3n.<\/p>\n\n\n\n<p>Posee la versatilidad de trabajar con 8 canales de salidas con un tipo de onda o programa o seleccionar su desempe\u00f1o para trabajar 4 canales en un grupo muscular y los otros 4 canales para otro grupo muscular, en forma conjunta, al mismo tiempo y con diferentes ondas y programas.<\/p>\n\n\n\n<p>Ya sea en su modo de salida con 8 canales \u00f3 en&nbsp;<strong>modo 4 + 4<\/strong>, se puede seleccionar cada par\u00e1metro como ser tipo de onda, programa, frecuencia, rango de pulso, tiempo y otros, para adecuar en forma precisa el tratamiento a cada grupo muscular.<\/p>\n\n\n\n<p>Cada m\u00fasculo o grupo muscular deber ser tratado de acuerdo a su necesidad, tolerancia, carga de trabajo, frecuencia, etc. De all\u00ed se desprende este aporte tecnol\u00f3gico para que el profesional seleccione el mejor tratamiento para diferentes m\u00fasculos y en el mismo tiempo que llevar\u00edan dos sesiones.<\/p>","protected":false},"excerpt":{"rendered":"<p>Electroestimulaci\u00f3n corporal<\/p>","protected":false},"featured_media":782,"comment_status":"open","ping_status":"closed","template":"","meta":{"site-sidebar-layout":"default","site-content-layout":"","ast-site-content-layout":"","site-content-style":"default","site-sidebar-style":"default","ast-global-header-display":"","ast-banner-title-visibility":"","ast-main-header-display":"","ast-hfb-above-header-display":"","ast-hfb-below-header-display":"","ast-hfb-mobile-header-display":"","site-post-title":"","ast-breadcrumbs-content":"","ast-featured-img":"","footer-sml-layout":"","theme-transparent-header-meta":"","adv-header-id-meta":"","stick-header-meta":"","header-above-stick-meta":"","header-main-stick-meta":"","header-below-stick-meta":"","astra-migrate-meta-layouts":""},"product_cat":[21],"product_tag":[],"_links":{"self":[{"href":"https:\/\/medicalsupply3d.com\/en\/wp-json\/wp\/v2\/product\/786"}],"collection":[{"href":"https:\/\/medicalsupply3d.com\/en\/wp-json\/wp\/v2\/product"}],"about":[{"href":"https:\/\/medicalsupply3d.com\/en\/wp-json\/wp\/v2\/types\/product"}],"replies":[{"embeddable":true,"href":"https:\/\/medicalsupply3d.com\/en\/wp-json\/wp\/v2\/comments?post=786"}],"wp:featuredmedia":[{"embeddable":true,"href":"https:\/\/medicalsupply3d.com\/en\/wp-json\/wp\/v2\/media\/782"}],"wp:attachment":[{"href":"https:\/\/medicalsupply3d.com\/en\/wp-json\/wp\/v2\/media?parent=786"}],"wp:term":[{"taxonomy":"product_cat","embeddable":true,"href":"https:\/\/medicalsupply3d.com\/en\/wp-json\/wp\/v2\/product_cat?post=786"},{"taxonomy":"product_tag","embeddable":true,"href":"https:\/\/medicalsupply3d.com\/en\/wp-json\/wp\/v2\/product_tag?post=786"}],"curies":[{"name":"wp","href":"https:\/\/api.w.org\/{rel}","templated":true}]}}