{"id":778,"date":"2023-11-27T02:08:59","date_gmt":"2023-11-27T01:08:59","guid":{"rendered":"https:\/\/medicalsupply3d.com\/?post_type=product&#038;p=778"},"modified":"2024-03-02T20:07:36","modified_gmt":"2024-03-02T19:07:36","slug":"tricav","status":"publish","type":"product","link":"https:\/\/medicalsupply3d.com\/en\/product\/tricav\/","title":{"rendered":"TRICAV"},"content":{"rendered":"<p>Luego de la destrucci\u00f3n del adipocito producida por la ultracavitaci\u00f3n, la Radiofrecuencia aumenta la circulaci\u00f3n perif\u00e9rica en la zona tratada mejorando notablemente la calidad de la piel y favoreciendo la modelaci\u00f3n corporal.<\/p>\n\n\n\n<p>La combinaci\u00f3n de estas dos t\u00e9cnicas en forma simult\u00e1nea, y aplicada en forma separada, permite eliminar la adiposidad localizada, realzando una piel renovada y de aspecto rejuvenecido desde la primera sesi\u00f3n.<\/p>\n\n\n\n<p>El equipo&nbsp;<strong><em>TRICAV<\/em>\u00ae<\/strong>&nbsp;permite la modelaci\u00f3n del contorno corporal, favorece la estimulaci\u00f3n de las fibras de col\u00e1geno y elastina y mejora el aspecto de la celulitis.<\/p>\n\n\n\n<p><strong><em>TRICAV<\/em>\u00ae<\/strong>&nbsp;fija un nuevo est\u00e1ndar en el cuidado de la piel y del cuerpo,\u202f potenciando los niveles de eficacia y confiabilidad.<\/p>","protected":false},"excerpt":{"rendered":"<p>ULTRACAVITACI\u00d3N + RF TRIPOLAR<\/p>","protected":false},"featured_media":592,"comment_status":"open","ping_status":"closed","template":"","meta":{"site-sidebar-layout":"default","site-content-layout":"","ast-site-content-layout":"","site-content-style":"default","site-sidebar-style":"default","ast-global-header-display":"","ast-banner-title-visibility":"","ast-main-header-display":"","ast-hfb-above-header-display":"","ast-hfb-below-header-display":"","ast-hfb-mobile-header-display":"","site-post-title":"","ast-breadcrumbs-content":"","ast-featured-img":"","footer-sml-layout":"","theme-transparent-header-meta":"","adv-header-id-meta":"","stick-header-meta":"","header-above-stick-meta":"","header-main-stick-meta":"","header-below-stick-meta":"","astra-migrate-meta-layouts":""},"product_cat":[21],"product_tag":[],"_links":{"self":[{"href":"https:\/\/medicalsupply3d.com\/en\/wp-json\/wp\/v2\/product\/778"}],"collection":[{"href":"https:\/\/medicalsupply3d.com\/en\/wp-json\/wp\/v2\/product"}],"about":[{"href":"https:\/\/medicalsupply3d.com\/en\/wp-json\/wp\/v2\/types\/product"}],"replies":[{"embeddable":true,"href":"https:\/\/medicalsupply3d.com\/en\/wp-json\/wp\/v2\/comments?post=778"}],"wp:featuredmedia":[{"embeddable":true,"href":"https:\/\/medicalsupply3d.com\/en\/wp-json\/wp\/v2\/media\/592"}],"wp:attachment":[{"href":"https:\/\/medicalsupply3d.com\/en\/wp-json\/wp\/v2\/media?parent=778"}],"wp:term":[{"taxonomy":"product_cat","embeddable":true,"href":"https:\/\/medicalsupply3d.com\/en\/wp-json\/wp\/v2\/product_cat?post=778"},{"taxonomy":"product_tag","embeddable":true,"href":"https:\/\/medicalsupply3d.com\/en\/wp-json\/wp\/v2\/product_tag?post=778"}],"curies":[{"name":"wp","href":"https:\/\/api.w.org\/{rel}","templated":true}]}}