{"id":773,"date":"2023-11-27T02:04:44","date_gmt":"2023-11-27T01:04:44","guid":{"rendered":"https:\/\/medicalsupply3d.com\/?post_type=product&#038;p=773"},"modified":"2025-11-04T15:27:38","modified_gmt":"2025-11-04T14:27:38","slug":"n-1500","status":"publish","type":"product","link":"https:\/\/medicalsupply3d.com\/en\/product\/n-1500\/","title":{"rendered":"N 1500"},"content":{"rendered":"<p>un equipo creado para alcanzar el mejor resultado en tratamientos de Electroporaci\u00f3n.<\/p>\n\n\n\n<p>Especialmente desarrollado para la aplicaci\u00f3n de productos en forma transd\u00e9rmica, con corrientes bif\u00e1sicas (far\u00e1dicas) \u00fanicas compatibles para la incorporaci\u00f3n de activos, cabezales de acero quir\u00fargico (facial y corporal), funciones de control de potencia y tiempo en su pantalla&nbsp;<strong>TOUCH SCREEN<\/strong>&nbsp;<\/p>","protected":false},"excerpt":{"rendered":"<p>Electroporaci\u00f3n de Alta Potencia<\/p>","protected":false},"featured_media":774,"comment_status":"open","ping_status":"closed","template":"","meta":{"site-sidebar-layout":"default","site-content-layout":"","ast-site-content-layout":"","site-content-style":"default","site-sidebar-style":"default","ast-global-header-display":"","ast-banner-title-visibility":"","ast-main-header-display":"","ast-hfb-above-header-display":"","ast-hfb-below-header-display":"","ast-hfb-mobile-header-display":"","site-post-title":"","ast-breadcrumbs-content":"","ast-featured-img":"","footer-sml-layout":"","theme-transparent-header-meta":"","adv-header-id-meta":"","stick-header-meta":"","header-above-stick-meta":"","header-main-stick-meta":"","header-below-stick-meta":"","astra-migrate-meta-layouts":""},"product_cat":[21],"product_tag":[],"_links":{"self":[{"href":"https:\/\/medicalsupply3d.com\/en\/wp-json\/wp\/v2\/product\/773"}],"collection":[{"href":"https:\/\/medicalsupply3d.com\/en\/wp-json\/wp\/v2\/product"}],"about":[{"href":"https:\/\/medicalsupply3d.com\/en\/wp-json\/wp\/v2\/types\/product"}],"replies":[{"embeddable":true,"href":"https:\/\/medicalsupply3d.com\/en\/wp-json\/wp\/v2\/comments?post=773"}],"wp:featuredmedia":[{"embeddable":true,"href":"https:\/\/medicalsupply3d.com\/en\/wp-json\/wp\/v2\/media\/774"}],"wp:attachment":[{"href":"https:\/\/medicalsupply3d.com\/en\/wp-json\/wp\/v2\/media?parent=773"}],"wp:term":[{"taxonomy":"product_cat","embeddable":true,"href":"https:\/\/medicalsupply3d.com\/en\/wp-json\/wp\/v2\/product_cat?post=773"},{"taxonomy":"product_tag","embeddable":true,"href":"https:\/\/medicalsupply3d.com\/en\/wp-json\/wp\/v2\/product_tag?post=773"}],"curies":[{"name":"wp","href":"https:\/\/api.w.org\/{rel}","templated":true}]}}