{"id":1422,"date":"2024-03-05T14:44:36","date_gmt":"2024-03-05T13:44:36","guid":{"rendered":"https:\/\/medicalsupply3d.com\/?post_type=product&#038;p=1422"},"modified":"2024-03-13T19:07:48","modified_gmt":"2024-03-13T18:07:48","slug":"joseph-skin-hook-punta-unica","status":"publish","type":"product","link":"https:\/\/medicalsupply3d.com\/en\/product\/joseph-skin-hook-punta-unica\/","title":{"rendered":"Joseph Skin Hook &#8211; Punta \u00fanica"},"content":{"rendered":"<p>Xelpov Surgical\u2018s Joseph Skin Hook \u2013 Single Prong offers a wide array of benefits for ENT, general, and plastic surgeons. Its principal use is to grasp, retract, and elevate flaps of mucosa and other soft tissues, especially during rhinoplasty.<\/p>\n\n\n\n<p>For this purpose, the Joseph Mucosa Hook features a hook-shaped tip supplied with one or two sharp prongs. As a result, surgeons can embed the prongs of joseph hooks in the desired tissue and easily retract a flap to reveal hidden structures. In addition, the size of the working end of joseph hook ranges from 2.0 to 10.0mm to traverse narrow spaces.<\/p>\n\n\n\n<p>Moreover, the Joseph Skin Hook \u2013 Single Prong features a long, tapered shaft that permits to reach deep cavities. Also, the solid handle includes a knurled pattern surface that enhances the grip and prevents finger strain.<\/p>\n\n\n\n<p>We manufacture our Delicate Skin Hooks &amp; Retractors from premium grade stainless steel to ensure the highest quality instruments in your operating rooms. Quality that you can depend on for years of fine service.<\/p>\n\n\n\n<p>Technical Specifications:<\/p>\n\n\n\n<p>Material: Stainless Steel<br>Length: 16cm<br>Prongs: Sharp Single<br>Rusting Prevention Procedure: Passivated<br>Ultrasonic Cleaned: Yes<br>Dull-Polished: Yes<br>Re-usable: Yes<br>Grade: Premium OR<br>Latex : Latex Free<br>Sterility: Non-Sterile<br>Tests Performed: Boil Test, Performance Test, Shape Test<br>Packing: Individually Packed<br>QC Passed: Yes<\/p>","protected":false},"excerpt":{"rendered":"<p>Joseph Mucosa Hook de Xelpov Surgical es un dispositivo popular en otorrinolaringolog\u00eda, cirug\u00eda pl\u00e1stica y general, que los cirujanos pueden utilizar para retraer y sujetar colgajos de tejido para acceder a cavidades m\u00e1s profundas dentro del campo quir\u00fargico.<br \/>Patrones simples o dobles para satisfacer todas las necesidades.<\/p>\n<p>-Eje alargado que garantiza un acceso quir\u00fargico profundo.<\/p>\n<p>-Tama\u00f1os de extremo de trabajo disponibles de 2,0 a 10,0 mm.<\/p>\n<p>-Mango s\u00f3lido ergon\u00f3mico para m\u00e1ximo control.<\/p>","protected":false},"featured_media":1426,"comment_status":"open","ping_status":"closed","template":"","meta":{"site-sidebar-layout":"default","site-content-layout":"","ast-site-content-layout":"","site-content-style":"default","site-sidebar-style":"default","ast-global-header-display":"","ast-banner-title-visibility":"","ast-main-header-display":"","ast-hfb-above-header-display":"","ast-hfb-below-header-display":"","ast-hfb-mobile-header-display":"","site-post-title":"","ast-breadcrumbs-content":"","ast-featured-img":"","footer-sml-layout":"","theme-transparent-header-meta":"","adv-header-id-meta":"","stick-header-meta":"","header-above-stick-meta":"","header-main-stick-meta":"","header-below-stick-meta":"","astra-migrate-meta-layouts":""},"product_cat":[64,134],"product_tag":[],"_links":{"self":[{"href":"https:\/\/medicalsupply3d.com\/en\/wp-json\/wp\/v2\/product\/1422"}],"collection":[{"href":"https:\/\/medicalsupply3d.com\/en\/wp-json\/wp\/v2\/product"}],"about":[{"href":"https:\/\/medicalsupply3d.com\/en\/wp-json\/wp\/v2\/types\/product"}],"replies":[{"embeddable":true,"href":"https:\/\/medicalsupply3d.com\/en\/wp-json\/wp\/v2\/comments?post=1422"}],"wp:featuredmedia":[{"embeddable":true,"href":"https:\/\/medicalsupply3d.com\/en\/wp-json\/wp\/v2\/media\/1426"}],"wp:attachment":[{"href":"https:\/\/medicalsupply3d.com\/en\/wp-json\/wp\/v2\/media?parent=1422"}],"wp:term":[{"taxonomy":"product_cat","embeddable":true,"href":"https:\/\/medicalsupply3d.com\/en\/wp-json\/wp\/v2\/product_cat?post=1422"},{"taxonomy":"product_tag","embeddable":true,"href":"https:\/\/medicalsupply3d.com\/en\/wp-json\/wp\/v2\/product_tag?post=1422"}],"curies":[{"name":"wp","href":"https:\/\/api.w.org\/{rel}","templated":true}]}}