{"id":1412,"date":"2024-03-05T14:17:34","date_gmt":"2024-03-05T13:17:34","guid":{"rendered":"https:\/\/medicalsupply3d.com\/?post_type=product&#038;p=1412"},"modified":"2025-02-13T03:36:51","modified_gmt":"2025-02-13T02:36:51","slug":"halsted-mosquito-forceps","status":"publish","type":"product","link":"https:\/\/medicalsupply3d.com\/en\/product\/halsted-mosquito-forceps\/","title":{"rendered":"Halsted Mosquito Forceps"},"content":{"rendered":"<p>Las pinzas para mosquitos Halsted de Xelpov Surgical ofrecen una amplia variedad de ventajas durante la cirug\u00eda. Su uso principal es proporcionar una forma atraum\u00e1tica de comprimir arterias y venas, con el fin de bloquear el flujo sangu\u00edneo durante los procedimientos quir\u00fargicos.<\/p>\n\n\n\n<p>Para ello, las pinzas para mosquitos cuentan con un par de mand\u00edbulas con un dise\u00f1o c\u00f3nico para atravesar f\u00e1cilmente pasajes estrechos. Adem\u00e1s, las superficies opuestas de las mand\u00edbulas tienen dientes para obtener un agarre fuerte pero atraum\u00e1tico. Adem\u00e1s, el perfil alargado de los ejes ayuda a llegar a sitios quir\u00fargicos profundos.<\/p>\n\n\n\n<p>En segundo lugar, la versi\u00f3n dentada de Mosquito Forceps presenta un par de mand\u00edbulas c\u00f3nicas con un dise\u00f1o dentado de 1 x 2. Por lo tanto, ayuda a minimizar las lesiones locales. Adem\u00e1s, los cirujanos pueden utilizar su dise\u00f1o dentado de 1 x 2 para extraer cuerpos extra\u00f1os y agarrar tejidos blandos.<\/p>\n\n\n\n<p>Adem\u00e1s, las pinzas para mosquitos Halsted cuentan con anillos para los dedos que reducen el riesgo de deslizamiento accidental. Adem\u00e1s, un mecanismo de trinquete entre los anillos permite aplicar diferentes niveles de presi\u00f3n de sujeci\u00f3n.<\/p>\n\n\n\n<p>Fabricamos nuestras pinzas y pinzas hemost\u00e1ticas con acero inoxidable de primera calidad para garantizar instrumentos de la m\u00e1s alta calidad en sus quir\u00f3fanos.<\/p>\n\n\n\n<p>Especificaciones t\u00e9cnicas:<\/p>\n\n\n\n<p>Material: Acero inoxidable<br>Longitud: 12,5 cm<br>Perfil de punta: Sin dientes, 1 x 2 dientes<br>Manijas: Manijas de anillo<br>Procedimiento de prevenci\u00f3n de oxidaci\u00f3n: pasivado<br>Limpieza ultras\u00f3nica: S\u00ed<br>Pulido opaco: S\u00ed<br>Reutilizable: S\u00ed<br>Grado: Premium O<br>L\u00e1tex: Sin l\u00e1tex<br>Esterilidad: No est\u00e9ril<br>Pruebas realizadas: prueba de ebullici\u00f3n, prueba de rendimiento, prueba de forma<br>Embalaje: Empaquetado individualmente<br>Control de calidad aprobado: S\u00ed<\/p>","protected":false},"excerpt":{"rendered":"<p>Las pinzas Halsted-Mosquito de Xelpov Surgical son un dispositivo especializado que los cirujanos utilizan para sujetar los vasos sangu\u00edneos, especialmente las arterias peque\u00f1as, durante una variedad de escenarios quir\u00fargicos. El instrumento tambi\u00e9n es \u00fatil para agarrar materiales, tejidos y suturas desechables.<\/p>\n<p>-Serraciones transversales para prevenir el da\u00f1o endotelial.<\/p>\n<p>-Patr\u00f3n opcional dentado 1 x 2 para una sujeci\u00f3n mejorada.<\/p>\n<p>-Anillos ergon\u00f3micos para los dedos que garantizan un control superior.<\/p>","protected":false},"featured_media":1413,"comment_status":"open","ping_status":"closed","template":"","meta":{"site-sidebar-layout":"default","site-content-layout":"","ast-site-content-layout":"","site-content-style":"default","site-sidebar-style":"default","ast-global-header-display":"","ast-banner-title-visibility":"","ast-main-header-display":"","ast-hfb-above-header-display":"","ast-hfb-below-header-display":"","ast-hfb-mobile-header-display":"","site-post-title":"","ast-breadcrumbs-content":"","ast-featured-img":"","footer-sml-layout":"","theme-transparent-header-meta":"","adv-header-id-meta":"","stick-header-meta":"","header-above-stick-meta":"","header-main-stick-meta":"","header-below-stick-meta":"","astra-migrate-meta-layouts":""},"product_cat":[64,134],"product_tag":[],"_links":{"self":[{"href":"https:\/\/medicalsupply3d.com\/en\/wp-json\/wp\/v2\/product\/1412"}],"collection":[{"href":"https:\/\/medicalsupply3d.com\/en\/wp-json\/wp\/v2\/product"}],"about":[{"href":"https:\/\/medicalsupply3d.com\/en\/wp-json\/wp\/v2\/types\/product"}],"replies":[{"embeddable":true,"href":"https:\/\/medicalsupply3d.com\/en\/wp-json\/wp\/v2\/comments?post=1412"}],"wp:featuredmedia":[{"embeddable":true,"href":"https:\/\/medicalsupply3d.com\/en\/wp-json\/wp\/v2\/media\/1413"}],"wp:attachment":[{"href":"https:\/\/medicalsupply3d.com\/en\/wp-json\/wp\/v2\/media?parent=1412"}],"wp:term":[{"taxonomy":"product_cat","embeddable":true,"href":"https:\/\/medicalsupply3d.com\/en\/wp-json\/wp\/v2\/product_cat?post=1412"},{"taxonomy":"product_tag","embeddable":true,"href":"https:\/\/medicalsupply3d.com\/en\/wp-json\/wp\/v2\/product_tag?post=1412"}],"curies":[{"name":"wp","href":"https:\/\/api.w.org\/{rel}","templated":true}]}}