{"id":1394,"date":"2024-03-05T13:43:10","date_gmt":"2024-03-05T12:43:10","guid":{"rendered":"https:\/\/medicalsupply3d.com\/?post_type=product&#038;p=1394"},"modified":"2024-03-13T19:08:14","modified_gmt":"2024-03-13T18:08:14","slug":"pinzas-para-vendajes-adson-carburo-de-tungsteno","status":"publish","type":"product","link":"https:\/\/medicalsupply3d.com\/en\/product\/pinzas-para-vendajes-adson-carburo-de-tungsteno\/","title":{"rendered":"Pinzas para vendajes Adson &#8211; Carburo de tungsteno"},"content":{"rendered":"<p>Las pinzas para vendajes Adson de Xelpov Surgical: carburo de tungsteno con inserciones de carburo de tungsteno fusionadas en las puntas son ideales para agarrar agujas, suturas y sujetar\/manipular tejidos delicados durante la cirug\u00eda pl\u00e1stica.<\/p>\n\n\n\n<p>Las pinzas Adson est\u00e1n dise\u00f1adas con un \u00e1rea de agarre para el pulgar ancha, plana y dentada, lo que garantiza un agarre firme. La adici\u00f3n de carburo de tungsteno proporciona a las pinzas fuerza adicional con mayor poder de agarre.<\/p>\n\n\n\n<p>Para ello, el instrumento viene con un par de mand\u00edbulas c\u00f3nicas para agarrar ap\u00f3sitos m\u00e1s peque\u00f1os. Adem\u00e1s, uno de los patrones presenta nuestra tecnolog\u00eda SuperGrip con inserciones de carburo de tungsteno para una experiencia de agarre impecable.<\/p>\n\n\n\n<p>Todas nuestras pinzas para pulgar con inserciones de carburo de tungsteno tienen un revestimiento de mango con placa dorada para distinguirlas de nuestro patr\u00f3n de acero inoxidable de primera calidad. En segundo lugar, estas inserciones proporcionan soporte adicional para fortalecer el agarre. Por lo tanto, estas pinzas Adson SuperGrip garantizan un agarre seguro del tejido resbaladizo con el menor esfuerzo.<\/p>\n\n\n\n<p>Adem\u00e1s, el mango de las pinzas para vendajes Adson de carburo de tungsteno tiene v\u00e1stagos planos con crestas horizontales que garantizan un agarre seguro. Los v\u00e1stagos forman un mecanismo de resorte el\u00e1stico que proporciona movimientos de cierre suaves.<\/p>\n\n\n\n<p>Fabricado en acero inoxidable de primera calidad con un fino acabado satinado que reduce el brillo.<\/p>\n\n\n\n<p>Especificaciones t\u00e9cnicas:<\/p>\n\n\n\n<p>Material: acero inoxidable con inserciones de carburo de tungsteno<br>Longitud: 12 cm, 15 cm<br>Mand\u00edbula: 4000<br>Procedimiento de prevenci\u00f3n de oxidaci\u00f3n: pasivado<br>Limpieza ultras\u00f3nica: S\u00ed<br>Pulido opaco: S\u00ed<br>Pruebas realizadas: prueba de ebullici\u00f3n, prueba de rendimiento, prueba de forma<br>Embalaje: Empaquetado individualmente<br>Control de calidad aprobado: S\u00ed<\/p>","protected":false},"excerpt":{"rendered":"<p>Las pinzas para vendajes Adson de Xelpov Surgical son una herramienta quir\u00fargica especializada que los cirujanos de todas las \u00e1reas pueden usar para agarrar, sostener y movilizar diferentes tipos de vendajes, con el fin de absorber sangre y otros fluidos.<\/p>\n<p>-Mand\u00edbulas finamente dentadas para evitar lesiones locales.<\/p>\n<p>-Insertos de carburo de tungsteno para agarres extremadamente firmes.<\/p>\n<p>-Asas estilo resorte que garantizan el m\u00e1ximo control.<\/p>","protected":false},"featured_media":1411,"comment_status":"open","ping_status":"closed","template":"","meta":{"site-sidebar-layout":"default","site-content-layout":"","ast-site-content-layout":"","site-content-style":"default","site-sidebar-style":"default","ast-global-header-display":"","ast-banner-title-visibility":"","ast-main-header-display":"","ast-hfb-above-header-display":"","ast-hfb-below-header-display":"","ast-hfb-mobile-header-display":"","site-post-title":"","ast-breadcrumbs-content":"","ast-featured-img":"","footer-sml-layout":"","theme-transparent-header-meta":"","adv-header-id-meta":"","stick-header-meta":"","header-above-stick-meta":"","header-main-stick-meta":"","header-below-stick-meta":"","astra-migrate-meta-layouts":""},"product_cat":[64,134],"product_tag":[],"_links":{"self":[{"href":"https:\/\/medicalsupply3d.com\/en\/wp-json\/wp\/v2\/product\/1394"}],"collection":[{"href":"https:\/\/medicalsupply3d.com\/en\/wp-json\/wp\/v2\/product"}],"about":[{"href":"https:\/\/medicalsupply3d.com\/en\/wp-json\/wp\/v2\/types\/product"}],"replies":[{"embeddable":true,"href":"https:\/\/medicalsupply3d.com\/en\/wp-json\/wp\/v2\/comments?post=1394"}],"wp:featuredmedia":[{"embeddable":true,"href":"https:\/\/medicalsupply3d.com\/en\/wp-json\/wp\/v2\/media\/1411"}],"wp:attachment":[{"href":"https:\/\/medicalsupply3d.com\/en\/wp-json\/wp\/v2\/media?parent=1394"}],"wp:term":[{"taxonomy":"product_cat","embeddable":true,"href":"https:\/\/medicalsupply3d.com\/en\/wp-json\/wp\/v2\/product_cat?post=1394"},{"taxonomy":"product_tag","embeddable":true,"href":"https:\/\/medicalsupply3d.com\/en\/wp-json\/wp\/v2\/product_tag?post=1394"}],"curies":[{"name":"wp","href":"https:\/\/api.w.org\/{rel}","templated":true}]}}