{"id":1383,"date":"2024-03-04T02:55:16","date_gmt":"2024-03-04T01:55:16","guid":{"rendered":"https:\/\/medicalsupply3d.com\/?product=pinzas-adson-brown"},"modified":"2024-03-09T18:49:53","modified_gmt":"2024-03-09T17:49:53","slug":"pinzas-adson-brown","status":"publish","type":"product","link":"https:\/\/medicalsupply3d.com\/en\/product\/pinzas-adson-brown\/","title":{"rendered":"Pinzas Adson Brown"},"content":{"rendered":"<p>La Pinza Adson Brown de Xelpov Surgical es una pinza de uso general con dientes atraum\u00e1ticos con coincidencia de puntos de precisi\u00f3n y crestas para un mejor agarre, excelente calidad agradada por los profesionales de la Cirug\u00eda Pl\u00e1stica.<\/p>\n<p>Incluye especialmente m\u00faltiples dientes a lo largo de las mand\u00edbulas que ayudan a mejorar el agarre de los tejidos. Las mand\u00edbulas extremadamente estrechas permiten que el instrumento llegue a espacios peque\u00f1os y agarre tejidos finos f\u00e1cilmente.<\/p>\n<p>Para ello, estas pinzas para pulgar Adson de color marr\u00f3n vienen con un par de dientes de 7 \u00d7 7 o 9 \u00d7 9 para agarrar tejidos o vasos delicados. Adem\u00e1s, uno de los patrones presenta nuestra tecnolog\u00eda SuperGrip con inserciones de carburo de tungsteno para una experiencia de agarre impecable. Los insertos de carburo de tungsteno no s\u00f3lo mejoran la capacidad de agarre de las pinzas sino que tambi\u00e9n aumentan la vida \u00fatil general del instrumento.<\/p>\n<p>Todas nuestras pinzas para pulgar con inserciones de carburo de tungsteno tienen un revestimiento de mango con placa dorada para distinguirlas de nuestro patr\u00f3n de acero inoxidable de primera calidad. En segundo lugar, estas inserciones proporcionan soporte adicional para fortalecer el agarre. Por lo tanto, estas pinzas SuperGrip Adson Brown garantizan un agarre seguro del tejido resbaladizo con el menor esfuerzo.<\/p>\n<p>Adem\u00e1s, el mango de Adson Tissue Forceps tiene v\u00e1stagos planos con crestas horizontales que garantizan un agarre seguro. Los v\u00e1stagos forman un mecanismo de resorte el\u00e1stico que proporciona movimientos de cierre suaves.<\/p>\n<p>Fabricado en acero inoxidable de primera calidad con un fino acabado satinado que reduce el brillo.<\/p>\n<p>Especificaciones t\u00e9cnicas:<\/p>\n<p>Material: acero inoxidable, carburo de tungsteno<\/p>\n<p>Longitud: 12 cm, 15 cm<\/p>\n<p>Dientes: 7 x7 dientes, 9 x9 dientes<\/p>\n<p>Procedimiento de prevenci\u00f3n de oxidaci\u00f3n: pasivado<\/p>\n<p>Limpieza ultras\u00f3nica: S\u00ed<\/p>\n<p>Pulido opaco: S\u00ed<\/p>\n<p>Pruebas realizadas: prueba de ebullici\u00f3n, prueba de rendimiento, prueba de forma<\/p>\n<p>Embalaje: Empaquetado individualmente<\/p>\n<p>Control de calidad aprobado: S\u00ed<\/p>","protected":false},"excerpt":{"rendered":"<p>Las pinzas de disecci\u00f3n Adson-Brown de Xelpov Surgical son un instrumental especializado que se utiliza para agarrar tejidos gruesos y \u00e1speros para su manipulaci\u00f3n. Se utiliza com\u00fanmente durante cirug\u00edas generales, ortop\u00e9dicas y cardiovasculares.<\/p>\n<p>-Puntas dentadas para un agarre seguro.<\/p>\n<p>-Junta de resorte para acciones r\u00e1pidas.<\/p>\n<p>-Dise\u00f1o ergon\u00f3mico para un control superior.<\/p>","protected":false},"featured_media":1382,"comment_status":"open","ping_status":"closed","template":"","meta":{"site-sidebar-layout":"default","site-content-layout":"","ast-site-content-layout":"","site-content-style":"default","site-sidebar-style":"default","ast-global-header-display":"","ast-banner-title-visibility":"","ast-main-header-display":"","ast-hfb-above-header-display":"","ast-hfb-below-header-display":"","ast-hfb-mobile-header-display":"","site-post-title":"","ast-breadcrumbs-content":"","ast-featured-img":"","footer-sml-layout":"","theme-transparent-header-meta":"","adv-header-id-meta":"","stick-header-meta":"","header-above-stick-meta":"","header-main-stick-meta":"","header-below-stick-meta":"","astra-migrate-meta-layouts":""},"product_cat":[131,64],"product_tag":[],"_links":{"self":[{"href":"https:\/\/medicalsupply3d.com\/en\/wp-json\/wp\/v2\/product\/1383"}],"collection":[{"href":"https:\/\/medicalsupply3d.com\/en\/wp-json\/wp\/v2\/product"}],"about":[{"href":"https:\/\/medicalsupply3d.com\/en\/wp-json\/wp\/v2\/types\/product"}],"replies":[{"embeddable":true,"href":"https:\/\/medicalsupply3d.com\/en\/wp-json\/wp\/v2\/comments?post=1383"}],"wp:featuredmedia":[{"embeddable":true,"href":"https:\/\/medicalsupply3d.com\/en\/wp-json\/wp\/v2\/media\/1382"}],"wp:attachment":[{"href":"https:\/\/medicalsupply3d.com\/en\/wp-json\/wp\/v2\/media?parent=1383"}],"wp:term":[{"taxonomy":"product_cat","embeddable":true,"href":"https:\/\/medicalsupply3d.com\/en\/wp-json\/wp\/v2\/product_cat?post=1383"},{"taxonomy":"product_tag","embeddable":true,"href":"https:\/\/medicalsupply3d.com\/en\/wp-json\/wp\/v2\/product_tag?post=1383"}],"curies":[{"name":"wp","href":"https:\/\/api.w.org\/{rel}","templated":true}]}}