{"id":1372,"date":"2024-03-03T23:15:43","date_gmt":"2024-03-03T22:15:43","guid":{"rendered":"https:\/\/medicalsupply3d.com\/?post_type=product&#038;p=1372"},"modified":"2025-11-04T15:22:11","modified_gmt":"2025-11-04T14:22:11","slug":"adson-blepharoplasty-forceps","status":"publish","type":"product","link":"https:\/\/medicalsupply3d.com\/en\/product\/adson-blepharoplasty-forceps\/","title":{"rendered":"Adson Blepharoplasty Forceps"},"content":{"rendered":"<p>Las pinzas para blefaroplastia Adson vienen con ganchos delicados y son ideales para agarrar el tejido fino sin da\u00f1ar la estructura para una mejor visualizaci\u00f3n y control durante el procedimiento de blefaroplastia.<\/p>\n\n\n\n<p>Las pinzas para blefaroplastia est\u00e1n dise\u00f1adas con un \u00e1rea de agarre para el pulgar ancha, plana y dentada, lo que garantiza un agarre firme. La adici\u00f3n de insertos de carburo de tungsteno presentes en variantes seleccionadas proporciona a las pinzas una resistencia adicional con un poder de agarre mejorado.<\/p>\n\n\n\n<p>Para ello, el instrumento viene con un par de delicados ganchos para agarrar estructuras m\u00e1s peque\u00f1as y fr\u00e1giles. Adem\u00e1s, uno de los patrones presenta nuestra tecnolog\u00eda SuperGrip con inserciones de carburo de tungsteno para una experiencia de agarre impecable.<\/p>\n\n\n\n<p>Todas nuestras pinzas para pulgar con inserciones de carburo de tungsteno tienen un revestimiento de mango con placa dorada para distinguirlas de nuestro patr\u00f3n de acero inoxidable de primera calidad. En segundo lugar, estas inserciones proporcionan soporte adicional para fortalecer el agarre. Por lo tanto, estas pinzas SuperGrip Adson garantizan un agarre seguro del tejido resbaladizo con el menor esfuerzo.<\/p>\n\n\n\n<p>Adem\u00e1s, el mango de las pinzas para blefaroplastia Adson tiene v\u00e1stagos planos con crestas horizontales que garantizan un agarre seguro. Los v\u00e1stagos forman un mecanismo de resorte el\u00e1stico que proporciona movimientos de cierre suaves.<\/p>\n\n\n\n<p>Especificaciones t\u00e9cnicas:<\/p>\n\n\n\n<p>Material: acero inoxidable, carburo de tungsteno<br>Longitud: 12cm<br>Perfil de ganchos: est\u00e1ndar, delicado<br>Procedimiento de prevenci\u00f3n de oxidaci\u00f3n: pasivado<br>Limpieza ultras\u00f3nica: S\u00ed<br>Pulido opaco: S\u00ed<br>Reutilizable: S\u00ed<br>Grado: Premium O<br>L\u00e1tex: Sin L\u00e1tex<br>Esterilidad: No est\u00e9ril<br>Embalaje: Empaquetado individualmente<br>Control de calidad aprobado: S\u00ed<\/p>","protected":false},"excerpt":{"rendered":"<p>Las pinzas para blefaroplastia Adson vienen con ganchos delicados y son ideales para agarrar el tejido fino sin da\u00f1ar la estructura para una mejor visualizaci\u00f3n y control durante el procedimiento.<\/p>\n<p>-M\u00faltiples variaciones de puntas para un rendimiento \u00f3ptimo.<\/p>\n<p>-Puntas s\u00faper finas para mayor precisi\u00f3n.<\/p>\n<p>-Junta de resorte para una acci\u00f3n r\u00e1pida.<\/p>","protected":false},"featured_media":1378,"comment_status":"open","ping_status":"closed","template":"","meta":{"site-sidebar-layout":"default","site-content-layout":"","ast-site-content-layout":"","site-content-style":"default","site-sidebar-style":"default","ast-global-header-display":"","ast-banner-title-visibility":"","ast-main-header-display":"","ast-hfb-above-header-display":"","ast-hfb-below-header-display":"","ast-hfb-mobile-header-display":"","site-post-title":"","ast-breadcrumbs-content":"","ast-featured-img":"","footer-sml-layout":"","theme-transparent-header-meta":"","adv-header-id-meta":"","stick-header-meta":"","header-above-stick-meta":"","header-main-stick-meta":"","header-below-stick-meta":"","astra-migrate-meta-layouts":""},"product_cat":[131,64],"product_tag":[],"_links":{"self":[{"href":"https:\/\/medicalsupply3d.com\/en\/wp-json\/wp\/v2\/product\/1372"}],"collection":[{"href":"https:\/\/medicalsupply3d.com\/en\/wp-json\/wp\/v2\/product"}],"about":[{"href":"https:\/\/medicalsupply3d.com\/en\/wp-json\/wp\/v2\/types\/product"}],"replies":[{"embeddable":true,"href":"https:\/\/medicalsupply3d.com\/en\/wp-json\/wp\/v2\/comments?post=1372"}],"wp:featuredmedia":[{"embeddable":true,"href":"https:\/\/medicalsupply3d.com\/en\/wp-json\/wp\/v2\/media\/1378"}],"wp:attachment":[{"href":"https:\/\/medicalsupply3d.com\/en\/wp-json\/wp\/v2\/media?parent=1372"}],"wp:term":[{"taxonomy":"product_cat","embeddable":true,"href":"https:\/\/medicalsupply3d.com\/en\/wp-json\/wp\/v2\/product_cat?post=1372"},{"taxonomy":"product_tag","embeddable":true,"href":"https:\/\/medicalsupply3d.com\/en\/wp-json\/wp\/v2\/product_tag?post=1372"}],"curies":[{"name":"wp","href":"https:\/\/api.w.org\/{rel}","templated":true}]}}