{"id":1352,"date":"2024-03-03T21:19:05","date_gmt":"2024-03-03T20:19:05","guid":{"rendered":"https:\/\/medicalsupply3d.com\/?post_type=product&#038;p=1352"},"modified":"2024-03-09T18:50:16","modified_gmt":"2024-03-09T17:50:16","slug":"tijeras-de-lifting-facial-gorney","status":"publish","type":"product","link":"https:\/\/medicalsupply3d.com\/en\/product\/tijeras-de-lifting-facial-gorney\/","title":{"rendered":"Tijeras de lifting facial Gorney"},"content":{"rendered":"<p>Las tijeras para estiramiento facial Gorney vienen con puntas redondas que son ideales para la disecci\u00f3n roma de tejidos durante la cirug\u00eda de estiramiento facial. La tijera tambi\u00e9n es \u00fatil para cortar tejidos. Corta fascias, tejidos de \u00f3rganos densos, tendones, as\u00ed como piel y suturas.<\/p>\n\n\n\n<p>Las tijeras Gorney incluyen especialmente una hoja con microdentaciones y una hoja extra afilada para la disecci\u00f3n de tejido afilada durante los procedimientos de cirug\u00eda pl\u00e1stica. Estas cuchillas funcionan para cortar el tejido a gran velocidad, lo que permite una disecci\u00f3n r\u00e1pida. Las microdentaciones tambi\u00e9n mejoran el agarre del instrumento sobre tejidos resbaladizos.<\/p>\n\n\n\n<p>Adem\u00e1s, las tijeras Gorney tienen bordes lisos que les permiten atravesar f\u00e1cilmente los tejidos sin da\u00f1arlos. Las puntas romas del instrumento tambi\u00e9n previenen da\u00f1os a los tejidos blandos adyacentes. Viene con una junta de tornillo remachada que permite un manejo suave del instrumento.<\/p>\n\n\n\n<p>Las tijeras de lifting facial versi\u00f3n supercut tienen hojas biseladas dentadas que sujetan de forma segura los tejidos resbaladizos. Adem\u00e1s, tambi\u00e9n previenen el desgarro del tejido circundante evitando da\u00f1os. Adem\u00e1s, incluye mangos de anilla ergon\u00f3micos que mejoran el control de la disecci\u00f3n. Adem\u00e1s cuenta con un cuerpo ligero y aerodin\u00e1mico que minimiza la fatiga del usuario.<\/p>\n\n\n\n<p>En tercer lugar, todas nuestras tijeras tambi\u00e9n est\u00e1n disponibles en variantes de carburo de tungsteno para satisfacer las demandas de mayor resistencia. Mientras que la versi\u00f3n cer\u00e1mica viene con garant\u00eda de por vida.<\/p>\n\n\n\n<p>Adem\u00e1s, las tijeras Gorney tienen un cuerpo aerodin\u00e1mico y son livianas para garantizar un manejo c\u00f3modo. Incluye mangos ergon\u00f3micos para los dedos de las tijeras Gorney Face Lift que mejoran el control del instrumento. Otra versi\u00f3n de estas tijeras con mango abierto tambi\u00e9n est\u00e1 disponible como tijeras de estiramiento facial Gorney Freeman.<\/p>\n\n\n\n<p>Especificaciones t\u00e9cnicas:<\/p>\n\n\n\n<p>Material: Acero inoxidable<br>Procedimiento de prevenci\u00f3n de oxidaci\u00f3n: pasivado<br>Limpieza ultras\u00f3nica: S\u00ed<br>Pulido opaco: S\u00ed<br>Reutilizable: S\u00ed<br>Grado: Premium O<br>L\u00e1tex: Sin L\u00e1tex<br>Esterilidad: No est\u00e9ril<br>Pruebas realizadas: prueba de ebullici\u00f3n, prueba de rendimiento, prueba de forma<br>Embalaje: Empaquetado individualmente<br>Control de calidad aprobado: S\u00ed<\/p>","protected":false},"excerpt":{"rendered":"<p>La tijera Gorney SuperCut Facelift se utiliza para diseccionar el tejido delicado de la piel de las \u00e1reas de la cara y el cuello. Com\u00fanmente utilizado para aislar colgajos de piel durante cirug\u00edas pl\u00e1sticas y generales.<\/p>\n<p>-Tecnolog\u00eda SuperCut para disecci\u00f3n atraum\u00e1tica.<\/p>\n<p>-Mecanismo antideslizante para un agarre seguro de los tejidos.<\/p>\n<p>-Mangos ergon\u00f3micamente extendidos para un manejo c\u00f3modo.<\/p>","protected":false},"featured_media":1354,"comment_status":"open","ping_status":"closed","template":"","meta":{"site-sidebar-layout":"default","site-content-layout":"","ast-site-content-layout":"","site-content-style":"default","site-sidebar-style":"default","ast-global-header-display":"","ast-banner-title-visibility":"","ast-main-header-display":"","ast-hfb-above-header-display":"","ast-hfb-below-header-display":"","ast-hfb-mobile-header-display":"","site-post-title":"","ast-breadcrumbs-content":"","ast-featured-img":"","footer-sml-layout":"","theme-transparent-header-meta":"","adv-header-id-meta":"","stick-header-meta":"","header-above-stick-meta":"","header-main-stick-meta":"","header-below-stick-meta":"","astra-migrate-meta-layouts":""},"product_cat":[131,64],"product_tag":[],"_links":{"self":[{"href":"https:\/\/medicalsupply3d.com\/en\/wp-json\/wp\/v2\/product\/1352"}],"collection":[{"href":"https:\/\/medicalsupply3d.com\/en\/wp-json\/wp\/v2\/product"}],"about":[{"href":"https:\/\/medicalsupply3d.com\/en\/wp-json\/wp\/v2\/types\/product"}],"replies":[{"embeddable":true,"href":"https:\/\/medicalsupply3d.com\/en\/wp-json\/wp\/v2\/comments?post=1352"}],"wp:featuredmedia":[{"embeddable":true,"href":"https:\/\/medicalsupply3d.com\/en\/wp-json\/wp\/v2\/media\/1354"}],"wp:attachment":[{"href":"https:\/\/medicalsupply3d.com\/en\/wp-json\/wp\/v2\/media?parent=1352"}],"wp:term":[{"taxonomy":"product_cat","embeddable":true,"href":"https:\/\/medicalsupply3d.com\/en\/wp-json\/wp\/v2\/product_cat?post=1352"},{"taxonomy":"product_tag","embeddable":true,"href":"https:\/\/medicalsupply3d.com\/en\/wp-json\/wp\/v2\/product_tag?post=1352"}],"curies":[{"name":"wp","href":"https:\/\/api.w.org\/{rel}","templated":true}]}}