{"id":1280,"date":"2024-02-28T21:58:52","date_gmt":"2024-02-28T20:58:52","guid":{"rendered":"https:\/\/medicalsupply3d.com\/?post_type=product&#038;p=1280"},"modified":"2024-03-09T18:53:13","modified_gmt":"2024-03-09T17:53:13","slug":"porta-agujas-castroviejo","status":"publish","type":"product","link":"https:\/\/medicalsupply3d.com\/en\/product\/porta-agujas-castroviejo\/","title":{"rendered":"Porta agujas Castroviejo"},"content":{"rendered":"<p>El Portaagujas Castroviejo tiene numerosas caracter\u00edsticas para facilitar los procedimientos de sutura. Estos portaagujas brindan control, precisi\u00f3n y una superficie antideslizante confiable, ya sea lisa o rayada.<\/p>\n\n\n\n<p>En primer lugar, los mangos planos tienen dentados exteriores para garantizar un agarre fiable. Adem\u00e1s, las manijas tienen un conjunto de bloqueo para otorgar abrazaderas de autorretenci\u00f3n.<\/p>\n\n\n\n<p>En segundo lugar, los portaagujas Castroviejo rectos y curvos con mand\u00edbulas de carburo de tungsteno est\u00e1n disponibles con superficies lisas o dentados transversales. Este surtido es ideal para manipular una amplia variedad de agujas quir\u00fargicas.<\/p>\n\n\n\n<p>Fabricamos todos nuestros portaagujas con acero inoxidable de primera calidad que permite una f\u00e1cil esterilizaci\u00f3n y una reutilizaci\u00f3n confiable de los instrumentos.<\/p>\n\n\n\n<p>Especificaciones t\u00e9cnicas:<\/p>\n\n\n\n<p>Material: Acero inoxidable<br>Longitud: 14cm<br>Procedimiento de prevenci\u00f3n de oxidaci\u00f3n: pasivado<br>Limpieza ultras\u00f3nica: S\u00ed<br>Pulido opaco: S\u00ed<br>Reutilizable: S\u00ed<br>Grado: Premium O<br>L\u00e1tex: Sin L\u00e1tex<br>Esterilidad: No est\u00e9ril<br>Pruebas realizadas: prueba de ebullici\u00f3n, prueba de rendimiento, prueba de forma<br>Embalaje: Empaquetado individualmente<br>Control de calidad aprobado: S\u00ed<\/p>","protected":false},"excerpt":{"rendered":"<p>Los portaagujas Castroviejo ayudan a los cirujanos a manipular e insertar agujas durante los procedimientos de sutura.<\/p>\n<p>-Mangos planos con dientes externos para agarres confiables.<\/p>\n<p>-Varias formas de mand\u00edbula disponibles para mayor comodidad quir\u00fargica.<\/p>\n<p>-Insertos de carburo de tungsteno para un servicio resistente a largo plazo.<\/p>","protected":false},"featured_media":1282,"comment_status":"open","ping_status":"closed","template":"","meta":{"site-sidebar-layout":"default","site-content-layout":"","ast-site-content-layout":"","site-content-style":"default","site-sidebar-style":"default","ast-global-header-display":"","ast-banner-title-visibility":"","ast-main-header-display":"","ast-hfb-above-header-display":"","ast-hfb-below-header-display":"","ast-hfb-mobile-header-display":"","site-post-title":"","ast-breadcrumbs-content":"","ast-featured-img":"","footer-sml-layout":"","theme-transparent-header-meta":"","adv-header-id-meta":"","stick-header-meta":"","header-above-stick-meta":"","header-main-stick-meta":"","header-below-stick-meta":"","astra-migrate-meta-layouts":""},"product_cat":[131,64],"product_tag":[],"_links":{"self":[{"href":"https:\/\/medicalsupply3d.com\/en\/wp-json\/wp\/v2\/product\/1280"}],"collection":[{"href":"https:\/\/medicalsupply3d.com\/en\/wp-json\/wp\/v2\/product"}],"about":[{"href":"https:\/\/medicalsupply3d.com\/en\/wp-json\/wp\/v2\/types\/product"}],"replies":[{"embeddable":true,"href":"https:\/\/medicalsupply3d.com\/en\/wp-json\/wp\/v2\/comments?post=1280"}],"wp:featuredmedia":[{"embeddable":true,"href":"https:\/\/medicalsupply3d.com\/en\/wp-json\/wp\/v2\/media\/1282"}],"wp:attachment":[{"href":"https:\/\/medicalsupply3d.com\/en\/wp-json\/wp\/v2\/media?parent=1280"}],"wp:term":[{"taxonomy":"product_cat","embeddable":true,"href":"https:\/\/medicalsupply3d.com\/en\/wp-json\/wp\/v2\/product_cat?post=1280"},{"taxonomy":"product_tag","embeddable":true,"href":"https:\/\/medicalsupply3d.com\/en\/wp-json\/wp\/v2\/product_tag?post=1280"}],"curies":[{"name":"wp","href":"https:\/\/api.w.org\/{rel}","templated":true}]}}