{"id":1239,"date":"2024-02-28T21:16:00","date_gmt":"2024-02-28T20:16:00","guid":{"rendered":"https:\/\/medicalsupply3d.com\/?post_type=product&#038;p=1239"},"modified":"2024-03-09T18:53:55","modified_gmt":"2024-03-09T17:53:55","slug":"porta-agujas-barraquer-con-cierre","status":"publish","type":"product","link":"https:\/\/medicalsupply3d.com\/en\/product\/porta-agujas-barraquer-con-cierre\/","title":{"rendered":"Porta agujas Barraquer &#8211; Con Cierre"},"content":{"rendered":"<p>Portaagujas Barraquer \u2013 Con Cierre es una amplia gama de dispositivos que hemos optimizado para manejar diferentes tipos de agujas de sutura fina.<\/p>\n\n\n\n<p>En primer lugar, los dos mangos cil\u00edndricos del microportagujas Barraquer tienen dentados externos. De esta forma, garantiza un agarre firme del instrumento y evita resbalones accidentales.<\/p>\n\n\n\n<p>En segundo lugar, la base de los mangos tiene una conexi\u00f3n de resorte para mantener su forma predeterminada despu\u00e9s de cada manipulaci\u00f3n.<\/p>\n\n\n\n<p>En tercer lugar, est\u00e1 disponible una variedad de perfiles de mand\u00edbula rectos y curvos de Portaagujas Barraquer &#8211; Con cierre. De modo que esta amplia gama aborda todas las necesidades quir\u00fargicas. Adem\u00e1s, puede elegir modelos con inserciones de acero inoxidable, carburo de tungsteno o titanio, para satisfacer todas sus preferencias.<\/p>\n\n\n\n<p>Fabricamos todos nuestros portaagujas con acero inoxidable de primera calidad que permite una f\u00e1cil esterilizaci\u00f3n y una reutilizaci\u00f3n confiable de los instrumentos.<\/p>\n\n\n\n<p>Especificaciones t\u00e9cnicas:<\/p>\n\n\n\n<p>Material: acero inoxidable franc\u00e9s<br>Mango: Redondo<br>Procedimiento de prevenci\u00f3n de oxidaci\u00f3n: pasivado<br>Limpieza ultras\u00f3nica: S\u00ed<br>Pulido opaco: S\u00ed<br>Reutilizable: S\u00ed<br>Grado: Premium O<br>L\u00e1tex: Sin L\u00e1tex<br>Esterilidad: No est\u00e9ril<br>Embalaje: Empaquetado individualmente<br>Control de calidad aprobado: S\u00ed<\/p>","protected":false},"excerpt":{"rendered":"<p>Los cirujanos utilizan los micro-portagujas Barraquer para manipular agujas finas durante procedimientos de sutura delicados.<\/p>\n<p>-Mangos redondos con acci\u00f3n de resorte para mejorar la destreza.<\/p>\n<p>-Bloqueo de trinquete para optimizar el control de la aguja.<\/p>\n<p>-Diferentes perfiles de mand\u00edbula disponibles para mayor comodidad quir\u00fargica.<\/p>","protected":false},"featured_media":1240,"comment_status":"open","ping_status":"closed","template":"","meta":{"site-sidebar-layout":"default","site-content-layout":"","ast-site-content-layout":"","site-content-style":"default","site-sidebar-style":"default","ast-global-header-display":"","ast-banner-title-visibility":"","ast-main-header-display":"","ast-hfb-above-header-display":"","ast-hfb-below-header-display":"","ast-hfb-mobile-header-display":"","site-post-title":"","ast-breadcrumbs-content":"","ast-featured-img":"","footer-sml-layout":"","theme-transparent-header-meta":"","adv-header-id-meta":"","stick-header-meta":"","header-above-stick-meta":"","header-main-stick-meta":"","header-below-stick-meta":"","astra-migrate-meta-layouts":""},"product_cat":[131,64],"product_tag":[],"_links":{"self":[{"href":"https:\/\/medicalsupply3d.com\/en\/wp-json\/wp\/v2\/product\/1239"}],"collection":[{"href":"https:\/\/medicalsupply3d.com\/en\/wp-json\/wp\/v2\/product"}],"about":[{"href":"https:\/\/medicalsupply3d.com\/en\/wp-json\/wp\/v2\/types\/product"}],"replies":[{"embeddable":true,"href":"https:\/\/medicalsupply3d.com\/en\/wp-json\/wp\/v2\/comments?post=1239"}],"wp:featuredmedia":[{"embeddable":true,"href":"https:\/\/medicalsupply3d.com\/en\/wp-json\/wp\/v2\/media\/1240"}],"wp:attachment":[{"href":"https:\/\/medicalsupply3d.com\/en\/wp-json\/wp\/v2\/media?parent=1239"}],"wp:term":[{"taxonomy":"product_cat","embeddable":true,"href":"https:\/\/medicalsupply3d.com\/en\/wp-json\/wp\/v2\/product_cat?post=1239"},{"taxonomy":"product_tag","embeddable":true,"href":"https:\/\/medicalsupply3d.com\/en\/wp-json\/wp\/v2\/product_tag?post=1239"}],"curies":[{"name":"wp","href":"https:\/\/api.w.org\/{rel}","templated":true}]}}