{"id":1189,"date":"2024-02-28T18:42:54","date_gmt":"2024-02-28T17:42:54","guid":{"rendered":"https:\/\/medicalsupply3d.com\/?post_type=product&#038;p=1189"},"modified":"2024-03-09T18:54:53","modified_gmt":"2024-03-09T17:54:53","slug":"tijeras-de-diseccion-baby-metzenbaum","status":"publish","type":"product","link":"https:\/\/medicalsupply3d.com\/en\/product\/tijeras-de-diseccion-baby-metzenbaum\/","title":{"rendered":"Tijeras de disecci\u00f3n Baby-Metzenbaum"},"content":{"rendered":"<p>Las tijeras de disecci\u00f3n Metzenbaum-Baby incluyen puntas redondas para la disecci\u00f3n roma de tejidos. Corta piel, fascia, m\u00fasculos, tejidos blandos y suturas. Especialmente incluye hojas cortas que aumentan la precisi\u00f3n de la disecci\u00f3n. La naturaleza plana de las hojas tambi\u00e9n garantiza planos de disecci\u00f3n limpios.<\/p>\n\n\n\n<p>Adem\u00e1s, las hojas planas evitan da\u00f1os por aplastamiento al tejido circundante durante la cirug\u00eda pl\u00e1stica. Mientras tanto, las puntas romas de las tijeras para beb\u00e9s de Metzenbaum tambi\u00e9n previenen da\u00f1os a los tejidos blandos. Incluye asas de anilla ergon\u00f3micas para un manejo c\u00f3modo. El cuerpo ligero y aerodin\u00e1mico de las tijeras de disecci\u00f3n tambi\u00e9n reduce la tensi\u00f3n en la mano del cirujano.<\/p>\n\n\n\n<p>La versi\u00f3n supercortada de las tijeras de disecci\u00f3n Metzenbaum-Baby tambi\u00e9n tiene hojas dentadas que sujetan de forma segura los tejidos resbaladizos. Adem\u00e1s, tambi\u00e9n previenen el desgarro del tejido circundante evitando da\u00f1os. Adem\u00e1s, incluye mangos de anilla ergon\u00f3micos que mejoran el control de la disecci\u00f3n. Adem\u00e1s cuenta con un cuerpo ligero y aerodin\u00e1mico que minimiza la fatiga del usuario.<\/p>\n\n\n\n<p>En segundo lugar, todas nuestras tijeras tambi\u00e9n est\u00e1n disponibles en variantes de carburo de tungsteno para satisfacer las demandas de mayor resistencia.<\/p>\n\n\n\n<p>Disponible en variantes rectas y curvas para adaptarse a las necesidades de disecci\u00f3n. La variedad recta de estas tijeras de disecci\u00f3n es ideal para la disecci\u00f3n superficial. Mientras que la variante curva es ideal para disecci\u00f3n profunda. Las tijeras para beb\u00e9s Metzenbaum tambi\u00e9n est\u00e1n fabricadas en carburo de tungsteno para aumentar la resistencia y la resistencia a la tracci\u00f3n.<\/p>\n\n\n\n<p>Las tijeras para beb\u00e9s Metzenbaum son reutilizables y est\u00e1n fabricadas en acero inoxidable de primera calidad con un acabado satinado para reducir el brillo.<\/p>\n\n\n\n<p>Especificaciones t\u00e9cnicas:<\/p>\n\n\n\n<p>Material: Acero inoxidable<br>Longitud: 11,5 cm<br>Procedimiento de prevenci\u00f3n de oxidaci\u00f3n: pasivado<br>Limpieza ultras\u00f3nica: S\u00ed<br>Pulido opaco: S\u00ed<br>Reutilizable: S\u00ed<br>Grado: Premium O<br>L\u00e1tex: Sin L\u00e1tex<br>Esterilidad: No est\u00e9ril<br>Pruebas realizadas: prueba de ebullici\u00f3n, prueba de rendimiento, prueba de forma<br>Embalaje: Empaquetado individualmente<br>Control de calidad aprobado: S\u00ed<\/p>","protected":false},"excerpt":{"rendered":"<p>Metzenbaum-Baby Dissecting Scissor es un instrumento multi prop\u00f3sito con un dise\u00f1o \u00fanico ideal para diseccionar tejidos delicados y resistentes durante m\u00faltiples cirug\u00edas.<\/p>\n<p>-Relaci\u00f3n entre mango y hoja larga para un mejor control.<\/p>\n<p>-Perfil estrecho para aumentar el acceso de 360 \u200b\u200bgrados al tejido circundante.<\/p>\n<p>-Variante de carburo de tungsteno para mayor durabilidad.<\/p>","protected":false},"featured_media":0,"comment_status":"open","ping_status":"closed","template":"","meta":{"site-sidebar-layout":"default","site-content-layout":"","ast-site-content-layout":"","site-content-style":"default","site-sidebar-style":"default","ast-global-header-display":"","ast-banner-title-visibility":"","ast-main-header-display":"","ast-hfb-above-header-display":"","ast-hfb-below-header-display":"","ast-hfb-mobile-header-display":"","site-post-title":"","ast-breadcrumbs-content":"","ast-featured-img":"","footer-sml-layout":"","theme-transparent-header-meta":"","adv-header-id-meta":"","stick-header-meta":"","header-above-stick-meta":"","header-main-stick-meta":"","header-below-stick-meta":"","astra-migrate-meta-layouts":""},"product_cat":[131,64],"product_tag":[],"_links":{"self":[{"href":"https:\/\/medicalsupply3d.com\/en\/wp-json\/wp\/v2\/product\/1189"}],"collection":[{"href":"https:\/\/medicalsupply3d.com\/en\/wp-json\/wp\/v2\/product"}],"about":[{"href":"https:\/\/medicalsupply3d.com\/en\/wp-json\/wp\/v2\/types\/product"}],"replies":[{"embeddable":true,"href":"https:\/\/medicalsupply3d.com\/en\/wp-json\/wp\/v2\/comments?post=1189"}],"wp:attachment":[{"href":"https:\/\/medicalsupply3d.com\/en\/wp-json\/wp\/v2\/media?parent=1189"}],"wp:term":[{"taxonomy":"product_cat","embeddable":true,"href":"https:\/\/medicalsupply3d.com\/en\/wp-json\/wp\/v2\/product_cat?post=1189"},{"taxonomy":"product_tag","embeddable":true,"href":"https:\/\/medicalsupply3d.com\/en\/wp-json\/wp\/v2\/product_tag?post=1189"}],"curies":[{"name":"wp","href":"https:\/\/api.w.org\/{rel}","templated":true}]}}