{"id":1144,"date":"2024-02-28T04:23:22","date_gmt":"2024-02-28T03:23:22","guid":{"rendered":"https:\/\/medicalsupply3d.com\/?post_type=product&#038;p=1144"},"modified":"2025-05-01T18:48:43","modified_gmt":"2025-05-01T16:48:43","slug":"retractor-de-abdominoplastia-saldanha","status":"publish","type":"product","link":"https:\/\/medicalsupply3d.com\/en\/product\/retractor-de-abdominoplastia-saldanha\/","title":{"rendered":"Retractor de abdominoplastia Saldanha"},"content":{"rendered":"<p>El Retractor de Abdominoplastia Saldanha es una herramienta \u00fatil desarrollada para procedimientos de lipoabdominoplastia. El dise\u00f1o de m\u00faltiples puntas combinado con la hoja retractora da como resultado una retracci\u00f3n estable y, por lo tanto, ofrece una excelente visualizaci\u00f3n del campo quir\u00fargico.<\/p>\n\n\n\n<p>En segundo lugar, la hoja est\u00e1 dise\u00f1ada para reducir traumatismos innecesarios en la zona. Adem\u00e1s, el mango viene con un peque\u00f1o gancho inferior para apoyar el peso de la mano.<\/p>\n\n\n\n<p>Adem\u00e1s, el mango del retractor de abdominoplastia Saldanha presenta un mango hueco voluminoso con crestas circulares. Por lo tanto, los cirujanos pueden acomodar los dedos sobre las crestas para asegurar un agarre fuerte. Adem\u00e1s, al igual que el retractor de abdominoplastia Yancoskie, ayuda a realizar tracciones forzadas si es necesario.<\/p>\n\n\n\n<p>Por \u00faltimo, fabricamos todos nuestros retractores y disectores con acero inoxidable de primera calidad que permite una f\u00e1cil esterilizaci\u00f3n y una reutilizaci\u00f3n confiable de los instrumentos.<\/p>\n\n\n\n<p>Especificaciones t\u00e9cnicas:<\/p>\n\n\n\n<p>Material: Acero inoxidable<br>Longitud: 23,5 cm<br>Longitud de la hoja: 155 x 60 mm<br>Ancho de la hoja: 165 mm<br>Procedimiento de prevenci\u00f3n de oxidaci\u00f3n: pasivado<br>Limpieza ultras\u00f3nica: S\u00ed<br>Pulido opaco: S\u00ed<br>Reutilizable: S\u00ed<br>Grado: Premium O<br>L\u00e1tex: Sin L\u00e1tex<br>Esterilidad: No est\u00e9ril<br>Embalaje: Empaquetado individualmente<br>Control de calidad aprobado: S\u00ed<\/p>","protected":false},"excerpt":{"rendered":"<p>El retractor abdominal Saldhana es un dispositivo quir\u00fargico multiprop\u00f3sito que ayuda a los cirujanos en la manipulaci\u00f3n eficiente de \u00f3rganos profundos durante una amplia gama de cirug\u00edas abdominales.<\/p>\n<p>-Ganchos afilados para evitar el deslizamiento durante la retracci\u00f3n intensa del tejido abdominal.<\/p>\n<p>-Surtido de 4-6 puntas con hoja ancha para retraer \u00e1reas grandes.<\/p>\n<p>-Mango hueco ergon\u00f3mico para un control quir\u00fargico superior.<\/p>","protected":false},"featured_media":1146,"comment_status":"open","ping_status":"closed","template":"","meta":{"site-sidebar-layout":"default","site-content-layout":"","ast-site-content-layout":"","site-content-style":"default","site-sidebar-style":"default","ast-global-header-display":"","ast-banner-title-visibility":"","ast-main-header-display":"","ast-hfb-above-header-display":"","ast-hfb-below-header-display":"","ast-hfb-mobile-header-display":"","site-post-title":"","ast-breadcrumbs-content":"","ast-featured-img":"","footer-sml-layout":"","theme-transparent-header-meta":"","adv-header-id-meta":"","stick-header-meta":"","header-above-stick-meta":"","header-main-stick-meta":"","header-below-stick-meta":"","astra-migrate-meta-layouts":""},"product_cat":[131,64],"product_tag":[],"_links":{"self":[{"href":"https:\/\/medicalsupply3d.com\/en\/wp-json\/wp\/v2\/product\/1144"}],"collection":[{"href":"https:\/\/medicalsupply3d.com\/en\/wp-json\/wp\/v2\/product"}],"about":[{"href":"https:\/\/medicalsupply3d.com\/en\/wp-json\/wp\/v2\/types\/product"}],"replies":[{"embeddable":true,"href":"https:\/\/medicalsupply3d.com\/en\/wp-json\/wp\/v2\/comments?post=1144"}],"wp:featuredmedia":[{"embeddable":true,"href":"https:\/\/medicalsupply3d.com\/en\/wp-json\/wp\/v2\/media\/1146"}],"wp:attachment":[{"href":"https:\/\/medicalsupply3d.com\/en\/wp-json\/wp\/v2\/media?parent=1144"}],"wp:term":[{"taxonomy":"product_cat","embeddable":true,"href":"https:\/\/medicalsupply3d.com\/en\/wp-json\/wp\/v2\/product_cat?post=1144"},{"taxonomy":"product_tag","embeddable":true,"href":"https:\/\/medicalsupply3d.com\/en\/wp-json\/wp\/v2\/product_tag?post=1144"}],"curies":[{"name":"wp","href":"https:\/\/api.w.org\/{rel}","templated":true}]}}