{"id":1112,"date":"2024-02-28T03:47:19","date_gmt":"2024-02-28T02:47:19","guid":{"rendered":"https:\/\/medicalsupply3d.com\/?post_type=product&#038;p=1112"},"modified":"2024-03-09T18:55:22","modified_gmt":"2024-03-09T17:55:22","slug":"tijeras-iris","status":"publish","type":"product","link":"https:\/\/medicalsupply3d.com\/en\/product\/tijeras-iris\/","title":{"rendered":"Tijeras iris"},"content":{"rendered":"<p>Las tijeras Iris vienen con puntas puntiagudas que son ideales para la disecci\u00f3n precisa de tejidos. Se utiliza com\u00fanmente para cortar vasos sangu\u00edneos, tejidos blandos, membranas oculares, tejido muscular y suturas.<\/p>\n\n\n\n<p>Estas tijeras incluyen especialmente una variedad de configuraciones curvas, as\u00ed como variantes rectas que se usan com\u00fanmente durante los procedimientos de cirug\u00eda pl\u00e1stica. Estos proporcionan al cirujano el instrumento \u00f3ptimo para la disecci\u00f3n. Adem\u00e1s, los diferentes \u00e1ngulos ayudan a aumentar el acceso a los tejidos en esquinas estrechas.<\/p>\n\n\n\n<p>Adem\u00e1s, la tijera quir\u00fargica tiene hojas extra afiladas ideales para la disecci\u00f3n fina de tejidos. Las puntas delicadas y afiladas del instrumento tambi\u00e9n garantizan una disecci\u00f3n precisa.<\/p>\n\n\n\n<p>Adem\u00e1s, esto tambi\u00e9n evita lesiones por aplastamiento en tejidos delicados.<\/p>\n\n\n\n<p>En segundo lugar, estas finas tijeras incluyen mangos de anillas ergon\u00f3micos para un mejor control de la disecci\u00f3n. El dise\u00f1o liviano y aerodin\u00e1mico del instrumento tambi\u00e9n aumenta la precisi\u00f3n.<\/p>\n\n\n\n<p>La tijera Iris est\u00e1 disponible en la variante de carburo de tungsteno para satisfacer las demandas de mayor resistencia.<\/p>\n\n\n\n<p>Disponible en m\u00faltiples longitudes para adaptarse a diferentes necesidades de disecci\u00f3n.<\/p>\n\n\n\n<p>Fabricado en acero inoxidable de primera calidad con acabado satinado para reducir el deslumbramiento. El instrumento se puede esterilizar y reutilizar.<\/p>\n\n\n\n<p>Especificaciones t\u00e9cnicas:<\/p>\n\n\n\n<p>Material: Acero inoxidable<br>Procedimiento de prevenci\u00f3n de oxidaci\u00f3n: pasivado<br>Limpieza ultras\u00f3nica: S\u00ed<br>Pulido opaco: S\u00ed<br>Reutilizable: S\u00ed<br>Grado: Premium O<br>L\u00e1tex: Sin L\u00e1tex<br>Esterilidad: No est\u00e9ril<br>Pruebas realizadas: prueba de ebullici\u00f3n, prueba de rendimiento, prueba de forma<br>Embalaje: Empaquetado individualmente<br>Control de calidad aprobado: S\u00ed<\/p>","protected":false},"excerpt":{"rendered":"<p>Iris Scissor es un instrumento especializado que se utiliz\u00f3 originalmente para diseccionar los delicados tejidos del ojo durante las cirug\u00edas oculares. Ahora los cirujanos lo prefieren com\u00fanmente para la disecci\u00f3n aguda de tejido sensible en cirug\u00edas neurol\u00f3gicas, pl\u00e1sticas y generales.<\/p>\n<p>-Cuchillas en \u00e1ngulo para un mejor acceso a los tejidos.<\/p>\n<p>-Cuchillas planas para planos de disecci\u00f3n limpios.<\/p>\n<p>-Dise\u00f1o optimizado para minimizar la fatiga del usuario.<\/p>","protected":false},"featured_media":1113,"comment_status":"open","ping_status":"closed","template":"","meta":{"site-sidebar-layout":"default","site-content-layout":"","ast-site-content-layout":"","site-content-style":"default","site-sidebar-style":"default","ast-global-header-display":"","ast-banner-title-visibility":"","ast-main-header-display":"","ast-hfb-above-header-display":"","ast-hfb-below-header-display":"","ast-hfb-mobile-header-display":"","site-post-title":"","ast-breadcrumbs-content":"","ast-featured-img":"","footer-sml-layout":"","theme-transparent-header-meta":"","adv-header-id-meta":"","stick-header-meta":"","header-above-stick-meta":"","header-main-stick-meta":"","header-below-stick-meta":"","astra-migrate-meta-layouts":""},"product_cat":[131,64],"product_tag":[],"_links":{"self":[{"href":"https:\/\/medicalsupply3d.com\/en\/wp-json\/wp\/v2\/product\/1112"}],"collection":[{"href":"https:\/\/medicalsupply3d.com\/en\/wp-json\/wp\/v2\/product"}],"about":[{"href":"https:\/\/medicalsupply3d.com\/en\/wp-json\/wp\/v2\/types\/product"}],"replies":[{"embeddable":true,"href":"https:\/\/medicalsupply3d.com\/en\/wp-json\/wp\/v2\/comments?post=1112"}],"wp:featuredmedia":[{"embeddable":true,"href":"https:\/\/medicalsupply3d.com\/en\/wp-json\/wp\/v2\/media\/1113"}],"wp:attachment":[{"href":"https:\/\/medicalsupply3d.com\/en\/wp-json\/wp\/v2\/media?parent=1112"}],"wp:term":[{"taxonomy":"product_cat","embeddable":true,"href":"https:\/\/medicalsupply3d.com\/en\/wp-json\/wp\/v2\/product_cat?post=1112"},{"taxonomy":"product_tag","embeddable":true,"href":"https:\/\/medicalsupply3d.com\/en\/wp-json\/wp\/v2\/product_tag?post=1112"}],"curies":[{"name":"wp","href":"https:\/\/api.w.org\/{rel}","templated":true}]}}