{"id":1085,"date":"2024-02-28T03:20:14","date_gmt":"2024-02-28T02:20:14","guid":{"rendered":"https:\/\/medicalsupply3d.com\/?post_type=product&#038;p=1085"},"modified":"2025-11-04T15:28:12","modified_gmt":"2025-11-04T14:28:12","slug":"tijeras-nasales-aufricht","status":"publish","type":"product","link":"https:\/\/medicalsupply3d.com\/en\/product\/tijeras-nasales-aufricht\/","title":{"rendered":"Tijeras nasales Aufricht"},"content":{"rendered":"<p>Las tijeras nasales Aufricht son una herramienta de usos m\u00faltiples que se utiliza en una variedad de procedimientos endonasales o de rinoplastia. La hoja triangular de las tijeras de disecci\u00f3n Aufricht ofrece al cirujano m\u00e1s control durante el procedimiento.<\/p>\n\n\n\n<p>Durante la rinoplastia, las tijeras Aufricht se utilizan para diseccionar los cart\u00edlagos nasales dorsales de la nariz, as\u00ed como la fascia, la piel y las suturas durante las cirug\u00edas pl\u00e1sticas y de otorrinolaringolog\u00eda.<\/p>\n\n\n\n<p>Las hojas de la variante supercortada de las tijeras nasales Aufricht tambi\u00e9n constan de microdentaciones que sujetan de forma segura el tejido y diseccionan los tejidos resistentes sin esfuerzo.<\/p>\n\n\n\n<p>Adem\u00e1s, estas tijeras nasales vienen con mangos de anillo de dise\u00f1o ergon\u00f3mico y una junta de tornillo remachada para minimizar la fatiga del usuario.<\/p>\n\n\n\n<p>Adem\u00e1s, las tijeras de disecci\u00f3n Aufricht tienen bordes lisos que les permiten atravesar f\u00e1cilmente los tejidos sin da\u00f1arlos. Las puntas romas del instrumento tambi\u00e9n previenen da\u00f1os a los tejidos blandos adyacentes.<\/p>\n\n\n\n<p>La versi\u00f3n supercut tiene hojas dentadas que agarran de forma segura los tejidos resbaladizos. Adem\u00e1s, tambi\u00e9n previenen el desgarro del tejido circundante evitando da\u00f1os. Adem\u00e1s, incluye mangos de anilla ergon\u00f3micos que mejoran el control durante la rinoplastia. Adem\u00e1s cuenta con un cuerpo ligero y aerodin\u00e1mico que minimiza la fatiga del usuario.<\/p>\n\n\n\n<p>Todas nuestras tijeras para rinoplastia tambi\u00e9n est\u00e1n disponibles en una variante de carburo de tungsteno para satisfacer las demandas de mayor durabilidad y resistencia del instrumento.<\/p>\n\n\n\n<p>En segundo lugar, estas tijeras para rinoplastia incluyen mangos de anilla ergon\u00f3micos para un mejor control de la disecci\u00f3n. El dise\u00f1o liviano y aerodin\u00e1mico de las tijeras fomon tambi\u00e9n aumenta la precisi\u00f3n.<\/p>\n\n\n\n<p>Fabricado en acero inoxidable de primera calidad con acabado satinado para reducir el deslumbramiento. El instrumento se puede esterilizar y reutilizar.<\/p>\n\n\n\n<p>Especificaciones t\u00e9cnicas:<\/p>\n\n\n\n<p>Material: Acero inoxidable<br>Longitud : 14 cm<br>Detalles de la hoja: desafilada\/despuntada o afilada\/afilada<br>Procedimiento de prevenci\u00f3n de oxidaci\u00f3n: pasivado<br>Limpieza ultras\u00f3nica: S\u00ed<br>Pulido opaco: S\u00ed<br>Reutilizable: S\u00ed<br>Grado: Premium O<br>L\u00e1tex: Sin L\u00e1tex<br>Esterilidad: No est\u00e9ril<br>Pruebas realizadas: prueba de ebullici\u00f3n, prueba de rendimiento, prueba de forma<br>Embalaje: Empaquetado individualmente<br>Control de calidad aprobado: S\u00ed<\/p>","protected":false},"excerpt":{"rendered":"<p>Las tijeras de disecci\u00f3n Aufricht son una herramienta de usos m\u00faltiples que se utiliza en una variedad de procedimientos endonasales o de rinoplastia. La hoja triangular de las tijeras de disecci\u00f3n Aufrict le brinda al cirujano m\u00e1s control durante el procedimiento.<\/p>\n<p>-Mand\u00edbulas fuertes para diseccionar tejidos duros.<\/p>\n<p>-Cuchillas triangulares equilibradas para aumentar la precisi\u00f3n.<\/p>\n<p>-Asas de anillo ergon\u00f3micas para reducir la fatiga del usuario.<\/p>","protected":false},"featured_media":1087,"comment_status":"open","ping_status":"closed","template":"","meta":{"site-sidebar-layout":"default","site-content-layout":"","ast-site-content-layout":"","site-content-style":"default","site-sidebar-style":"default","ast-global-header-display":"","ast-banner-title-visibility":"","ast-main-header-display":"","ast-hfb-above-header-display":"","ast-hfb-below-header-display":"","ast-hfb-mobile-header-display":"","site-post-title":"","ast-breadcrumbs-content":"","ast-featured-img":"","footer-sml-layout":"","theme-transparent-header-meta":"","adv-header-id-meta":"","stick-header-meta":"","header-above-stick-meta":"","header-main-stick-meta":"","header-below-stick-meta":"","astra-migrate-meta-layouts":""},"product_cat":[131,64],"product_tag":[],"_links":{"self":[{"href":"https:\/\/medicalsupply3d.com\/en\/wp-json\/wp\/v2\/product\/1085"}],"collection":[{"href":"https:\/\/medicalsupply3d.com\/en\/wp-json\/wp\/v2\/product"}],"about":[{"href":"https:\/\/medicalsupply3d.com\/en\/wp-json\/wp\/v2\/types\/product"}],"replies":[{"embeddable":true,"href":"https:\/\/medicalsupply3d.com\/en\/wp-json\/wp\/v2\/comments?post=1085"}],"wp:featuredmedia":[{"embeddable":true,"href":"https:\/\/medicalsupply3d.com\/en\/wp-json\/wp\/v2\/media\/1087"}],"wp:attachment":[{"href":"https:\/\/medicalsupply3d.com\/en\/wp-json\/wp\/v2\/media?parent=1085"}],"wp:term":[{"taxonomy":"product_cat","embeddable":true,"href":"https:\/\/medicalsupply3d.com\/en\/wp-json\/wp\/v2\/product_cat?post=1085"},{"taxonomy":"product_tag","embeddable":true,"href":"https:\/\/medicalsupply3d.com\/en\/wp-json\/wp\/v2\/product_tag?post=1085"}],"curies":[{"name":"wp","href":"https:\/\/api.w.org\/{rel}","templated":true}]}}