{"id":1081,"date":"2024-02-28T03:10:05","date_gmt":"2024-02-28T02:10:05","guid":{"rendered":"https:\/\/medicalsupply3d.com\/?post_type=product&#038;p=1081"},"modified":"2024-03-09T18:55:35","modified_gmt":"2024-03-09T17:55:35","slug":"mango-de-bisturi-4l","status":"publish","type":"product","link":"https:\/\/medicalsupply3d.com\/en\/product\/mango-de-bisturi-4l\/","title":{"rendered":"Mango de bistur\u00ed # 4L"},"content":{"rendered":"<p>El mango de bistur\u00ed n.\u00b0 4L ofrece una amplia gama de ventajas quir\u00fargicas. Su uso principal es proporcionar una forma segura de sujetar las hojas del bistur\u00ed para lograr incisiones precisas.<\/p>\n\n\n\n<p>Para ello, el mango del bistur\u00ed presenta una punta delgada con una ranura muy fina dise\u00f1ada para adaptarse a una amplia gama de hojas. Adem\u00e1s, los patrones rectos y curvos de la punta facilitan la realizaci\u00f3n de aproximaciones complejas.<\/p>\n\n\n\n<p>Adem\u00e1s, el mango de bistur\u00ed n.\u00ba 4L presenta crestas transversales y oblicuas en todo el mango para mejorar el agarre. Adem\u00e1s, este dise\u00f1o ergon\u00f3mico previene la fatiga y proporciona una sensaci\u00f3n c\u00f3moda en la punta de los dedos.<\/p>\n\n\n\n<p>Adem\u00e1s, ofrecemos una amplia gama de mangos de cuchillos y bistur\u00edes con diferentes tama\u00f1os y modelos para su comodidad. Estos se pueden esterilizar y reutilizar.<\/p>\n\n\n\n<p>Especificaciones t\u00e9cnicas:<\/p>\n\n\n\n<p>Material: Acero inoxidable<br>Longitud: 21 cm<br>Usado con: Cuchillas 18-36<br>Procedimiento de prevenci\u00f3n de oxidaci\u00f3n: pasivado<br>Limpieza ultras\u00f3nica: S\u00ed<br>Pulido opaco: S\u00ed<br>Reutilizable: S\u00ed<br>Grado: Premium O<br>L\u00e1tex: Sin L\u00e1tex<br>Esterilidad: No est\u00e9ril<br>Pruebas realizadas: prueba de ebullici\u00f3n, prueba de rendimiento, prueba de forma<br>Embalaje: Empaquetado individualmente<br>Control de calidad aprobado: S\u00ed<\/p>","protected":false},"excerpt":{"rendered":"<p>Scalpel Handle No 4Lis es un dispositivo de mano que los cirujanos de m\u00faltiples campos utilizan para transportar est\u00e1ticamente hojas de bistur\u00ed y realizar incisiones controladas sobre la piel y otros tejidos blandos. El patr\u00f3n 4L es ideal para montar el no. 18, 19, 20, 21, 22,22A, 23, 24, 25, 25A, 26, 27 y 36 palas.<\/p>\n<p>-Extremo de trabajo recto y en \u00e1ngulo para adaptarse a todas las necesidades.<\/p>\n<p>-Punta ranurada para colocar diferentes modelos de cuchillas.<\/p>\n<p>-Crestas ergon\u00f3micas para evitar la tensi\u00f3n en los dedos.<\/p>","protected":false},"featured_media":1082,"comment_status":"open","ping_status":"closed","template":"","meta":{"site-sidebar-layout":"default","site-content-layout":"","ast-site-content-layout":"","site-content-style":"default","site-sidebar-style":"default","ast-global-header-display":"","ast-banner-title-visibility":"","ast-main-header-display":"","ast-hfb-above-header-display":"","ast-hfb-below-header-display":"","ast-hfb-mobile-header-display":"","site-post-title":"","ast-breadcrumbs-content":"","ast-featured-img":"","footer-sml-layout":"","theme-transparent-header-meta":"","adv-header-id-meta":"","stick-header-meta":"","header-above-stick-meta":"","header-main-stick-meta":"","header-below-stick-meta":"","astra-migrate-meta-layouts":""},"product_cat":[131,64],"product_tag":[],"_links":{"self":[{"href":"https:\/\/medicalsupply3d.com\/en\/wp-json\/wp\/v2\/product\/1081"}],"collection":[{"href":"https:\/\/medicalsupply3d.com\/en\/wp-json\/wp\/v2\/product"}],"about":[{"href":"https:\/\/medicalsupply3d.com\/en\/wp-json\/wp\/v2\/types\/product"}],"replies":[{"embeddable":true,"href":"https:\/\/medicalsupply3d.com\/en\/wp-json\/wp\/v2\/comments?post=1081"}],"wp:featuredmedia":[{"embeddable":true,"href":"https:\/\/medicalsupply3d.com\/en\/wp-json\/wp\/v2\/media\/1082"}],"wp:attachment":[{"href":"https:\/\/medicalsupply3d.com\/en\/wp-json\/wp\/v2\/media?parent=1081"}],"wp:term":[{"taxonomy":"product_cat","embeddable":true,"href":"https:\/\/medicalsupply3d.com\/en\/wp-json\/wp\/v2\/product_cat?post=1081"},{"taxonomy":"product_tag","embeddable":true,"href":"https:\/\/medicalsupply3d.com\/en\/wp-json\/wp\/v2\/product_tag?post=1081"}],"curies":[{"name":"wp","href":"https:\/\/api.w.org\/{rel}","templated":true}]}}