{"id":1076,"date":"2024-02-28T02:53:28","date_gmt":"2024-02-28T01:53:28","guid":{"rendered":"https:\/\/medicalsupply3d.com\/?post_type=product&#038;p=1076"},"modified":"2025-11-04T15:23:07","modified_gmt":"2025-11-04T14:23:07","slug":"bisturi-n3","status":"publish","type":"product","link":"https:\/\/medicalsupply3d.com\/en\/product\/bisturi-n3\/","title":{"rendered":"Bistur\u00ed N3"},"content":{"rendered":"<p>El mango de bistur\u00ed n.\u00ba 3 ofrece una amplia gama de ventajas quir\u00fargicas. Su uso principal es proporcionar una forma segura de sujetar las hojas del bistur\u00ed para lograr incisiones precisas.<\/p>\n\n\n\n<p>Para ello, el mango del bistur\u00ed presenta una punta delgada con una ranura muy fina dise\u00f1ada para adaptarse a una amplia gama de hojas. Adem\u00e1s, los patrones rectos y curvos de la punta facilitan la realizaci\u00f3n de aproximaciones complejas.<\/p>\n\n\n\n<p>Adem\u00e1s, el mango de bistur\u00ed n.\u00ba 3 presenta crestas transversales y oblicuas en todo el mango para mejorar el agarre. Adem\u00e1s, este dise\u00f1o ergon\u00f3mico previene la fatiga y proporciona una sensaci\u00f3n c\u00f3moda en la punta de los dedos.<\/p>\n\n\n\n<p>Adem\u00e1s, ofrecemos una amplia gama de mangos de cuchillos y bistur\u00edes con diferentes tama\u00f1os y modelos para su comodidad. Estos se pueden esterilizar y reutilizar.<\/p>\n\n\n\n<p>Especificaciones t\u00e9cnicas:<\/p>\n\n\n\n<p>Material: Acero inoxidable<br>Longitud: 12cm<br>Usado con: Cuchillas 10-17<br>Procedimiento de prevenci\u00f3n de oxidaci\u00f3n: pasivado<br>Limpieza ultras\u00f3nica: S\u00ed<br>Pulido opaco: S\u00ed<br>Reutilizable: S\u00ed<br>Grado: Premium O<br>L\u00e1tex: Sin L\u00e1tex<br>Esterilidad: No est\u00e9ril<br>Pruebas realizadas: prueba de ebullici\u00f3n, prueba de rendimiento, prueba de forma<br>Embalaje: Empaquetado individualmente<br>Control de calidad aprobado: S\u00ed<\/p>","protected":false},"excerpt":{"rendered":"<p>El mango de bistur\u00ed n.\u00b0 3 de Bard-Parker est\u00e1 dise\u00f1ado para usarse con cuchillas para realizar cortes de precisi\u00f3n.<br \/>Punta fabricada con precisi\u00f3n que garantiza un bloqueo seguro de la hoja.<br \/>Dise\u00f1o ergon\u00f3mico que permite un agarre seguro<br \/>Sostiene hojas # 6, 9, 10, 10A, 11, 11P, E11, 12, 12D, 14, 15, 15A, 15C, 15T, 16, 40, D15<\/p>","protected":false},"featured_media":1077,"comment_status":"open","ping_status":"closed","template":"","meta":{"site-sidebar-layout":"default","site-content-layout":"","ast-site-content-layout":"","site-content-style":"default","site-sidebar-style":"default","ast-global-header-display":"","ast-banner-title-visibility":"","ast-main-header-display":"","ast-hfb-above-header-display":"","ast-hfb-below-header-display":"","ast-hfb-mobile-header-display":"","site-post-title":"","ast-breadcrumbs-content":"","ast-featured-img":"","footer-sml-layout":"","theme-transparent-header-meta":"","adv-header-id-meta":"","stick-header-meta":"","header-above-stick-meta":"","header-main-stick-meta":"","header-below-stick-meta":"","astra-migrate-meta-layouts":""},"product_cat":[131,64],"product_tag":[],"_links":{"self":[{"href":"https:\/\/medicalsupply3d.com\/en\/wp-json\/wp\/v2\/product\/1076"}],"collection":[{"href":"https:\/\/medicalsupply3d.com\/en\/wp-json\/wp\/v2\/product"}],"about":[{"href":"https:\/\/medicalsupply3d.com\/en\/wp-json\/wp\/v2\/types\/product"}],"replies":[{"embeddable":true,"href":"https:\/\/medicalsupply3d.com\/en\/wp-json\/wp\/v2\/comments?post=1076"}],"wp:featuredmedia":[{"embeddable":true,"href":"https:\/\/medicalsupply3d.com\/en\/wp-json\/wp\/v2\/media\/1077"}],"wp:attachment":[{"href":"https:\/\/medicalsupply3d.com\/en\/wp-json\/wp\/v2\/media?parent=1076"}],"wp:term":[{"taxonomy":"product_cat","embeddable":true,"href":"https:\/\/medicalsupply3d.com\/en\/wp-json\/wp\/v2\/product_cat?post=1076"},{"taxonomy":"product_tag","embeddable":true,"href":"https:\/\/medicalsupply3d.com\/en\/wp-json\/wp\/v2\/product_tag?post=1076"}],"curies":[{"name":"wp","href":"https:\/\/api.w.org\/{rel}","templated":true}]}}