{"id":1022,"date":"2024-02-28T01:42:26","date_gmt":"2024-02-28T00:42:26","guid":{"rendered":"https:\/\/medicalsupply3d.com\/?post_type=product&#038;p=1022"},"modified":"2024-03-09T18:56:11","modified_gmt":"2024-03-09T17:56:11","slug":"tijeras-nasales-dorsal-fomon","status":"publish","type":"product","link":"https:\/\/medicalsupply3d.com\/en\/product\/tijeras-nasales-dorsal-fomon\/","title":{"rendered":"Tijeras Nasales Dorsal Fomon"},"content":{"rendered":"<p>Las tijeras nasales dorsales Fomon se componen de puntas romas que son ideales para la disecci\u00f3n roma. Tambi\u00e9n protege el tejido blando adyacente de da\u00f1os tisulares involuntarios.<\/p>\n\n\n\n<p>Durante la rinoplastia, las tijeras Fomon se utilizan para diseccionar los cart\u00edlagos nasales dorsales de la nariz, as\u00ed como la fascia, la piel y las suturas durante las cirug\u00edas pl\u00e1sticas y de otorrinolaringolog\u00eda.<\/p>\n\n\n\n<p>Como instrumento de cirug\u00eda pl\u00e1stica, dise\u00f1amos estas tijeras dorsales espec\u00edficamente con v\u00e1stagos en \u00e1ngulo que funcionan en \u00e1ngulo para mejorar la visibilidad de las superficies de disecci\u00f3n.<\/p>\n\n\n\n<p>Las hojas de la variante super cut de las tijeras dorsales Fomon tambi\u00e9n constan de microdentaciones que sujetan de forma segura el tejido y diseccionan los tejidos resistentes sin esfuerzo.<\/p>\n\n\n\n<p>Adem\u00e1s, las tijeras nasales dorsales Fomon vienen con mangos de anillo de dise\u00f1o ergon\u00f3mico y una junta de tornillo remachada para minimizar la fatiga del usuario.<\/p>\n\n\n\n<p>Fomon Scissors tambi\u00e9n est\u00e1 disponible en una variante de carburo de tungsteno para satisfacer las demandas de mayor durabilidad y resistencia del instrumento.<\/p>\n\n\n\n<p>En segundo lugar, esta fina tijera incluye mangos de anilla ergon\u00f3micos para un mejor control de la disecci\u00f3n. El peso ligero y el dise\u00f1o aerodin\u00e1mico de las tijeras fomon tambi\u00e9n aumentan la precisi\u00f3n.<\/p>\n\n\n\n<p>Fabricado en acero inoxidable de primera calidad con acabado satinado para reducir el deslumbramiento. El instrumento se puede esterilizar y reutilizar.<\/p>\n\n\n\n<p>Especificaciones t\u00e9cnicas:<\/p>\n\n\n\n<p>Material: Acero inoxidable<br>Longitud: 14,5 cm<br>Procedimiento de prevenci\u00f3n de oxidaci\u00f3n: pasivado<br>Limpieza ultras\u00f3nica: S\u00ed<br>Pulido opaco: S\u00ed<br>Reutilizable: S\u00ed<br>Grado: Premium O<br>L\u00e1tex: Sin l\u00e1tex<br>Esterilidad: No est\u00e9ril<br>Pruebas realizadas: prueba de ebullici\u00f3n, prueba de rendimiento, prueba de forma<br>Embalaje: Empaquetado individualmente<br>Control de calidad aprobado: S\u00ed<\/p>","protected":false},"excerpt":{"rendered":"<p>Fomon Nasal Scissor est\u00e1 dise\u00f1ada espec\u00edficamente para la disecci\u00f3n precisa de los cart\u00edlagos nasales dorsales y laterales durante rinoplastia, procedimientos de otorrinolaringolog\u00eda y cirug\u00edas pl\u00e1sticas.<br \/>-Mangos en \u00e1ngulo para una visi\u00f3n \u00f3ptima del campo quir\u00fargico<br \/>-Hoja dentada para la disecci\u00f3n del cart\u00edlago sin esfuerzo<br \/>-Asas de anillo ergon\u00f3micas para minimizar la fatiga del usuario<\/p>","protected":false},"featured_media":1023,"comment_status":"open","ping_status":"closed","template":"","meta":{"site-sidebar-layout":"default","site-content-layout":"","ast-site-content-layout":"","site-content-style":"default","site-sidebar-style":"default","ast-global-header-display":"","ast-banner-title-visibility":"","ast-main-header-display":"","ast-hfb-above-header-display":"","ast-hfb-below-header-display":"","ast-hfb-mobile-header-display":"","site-post-title":"","ast-breadcrumbs-content":"","ast-featured-img":"","footer-sml-layout":"","theme-transparent-header-meta":"","adv-header-id-meta":"","stick-header-meta":"","header-above-stick-meta":"","header-main-stick-meta":"","header-below-stick-meta":"","astra-migrate-meta-layouts":""},"product_cat":[131,64],"product_tag":[],"_links":{"self":[{"href":"https:\/\/medicalsupply3d.com\/en\/wp-json\/wp\/v2\/product\/1022"}],"collection":[{"href":"https:\/\/medicalsupply3d.com\/en\/wp-json\/wp\/v2\/product"}],"about":[{"href":"https:\/\/medicalsupply3d.com\/en\/wp-json\/wp\/v2\/types\/product"}],"replies":[{"embeddable":true,"href":"https:\/\/medicalsupply3d.com\/en\/wp-json\/wp\/v2\/comments?post=1022"}],"wp:featuredmedia":[{"embeddable":true,"href":"https:\/\/medicalsupply3d.com\/en\/wp-json\/wp\/v2\/media\/1023"}],"wp:attachment":[{"href":"https:\/\/medicalsupply3d.com\/en\/wp-json\/wp\/v2\/media?parent=1022"}],"wp:term":[{"taxonomy":"product_cat","embeddable":true,"href":"https:\/\/medicalsupply3d.com\/en\/wp-json\/wp\/v2\/product_cat?post=1022"},{"taxonomy":"product_tag","embeddable":true,"href":"https:\/\/medicalsupply3d.com\/en\/wp-json\/wp\/v2\/product_tag?post=1022"}],"curies":[{"name":"wp","href":"https:\/\/api.w.org\/{rel}","templated":true}]}}